{"id":2289,"date":"2021-12-20T19:19:42","date_gmt":"2021-12-20T18:19:42","guid":{"rendered":"https:\/\/truffe-plantin.com.yadle.net\/blog\/home\/"},"modified":"2022-01-13T16:03:13","modified_gmt":"2022-01-13T15:03:13","slug":"home","status":"publish","type":"page","link":"https:\/\/www.truffe-plantin.com\/blog\/de\/","title":{"rendered":"Home"},"content":{"rendered":"\t\t<div data-elementor-type=\"wp-page\" data-elementor-id=\"2289\" data-post-id=\"2275\" data-obj-id=\"2275\" class=\"elementor elementor-2289 dce-elementor-post-2275\" data-elementor-post-type=\"page\">\n\t\t\t\t\t\t<section class=\"has_ae_slider elementor-section elementor-top-section elementor-element elementor-element-9ddae8f elementor-section-full_width elementor-section-stretched elementor-section-height-default elementor-section-height-default ae-bg-gallery-type-default\" data-dce-background-overlay-color=\"#000000\" data-dce-background-image-url=\"https:\/\/www.truffe-plantin.com\/blog\/wp-content\/uploads\/2022\/01\/bandeau-plantin-compressed.jpg\" data-id=\"9ddae8f\" data-element_type=\"section\" data-settings=\"{&quot;stretch_section&quot;:&quot;section-stretched&quot;,&quot;background_background&quot;:&quot;classic&quot;}\">\n\t\t\t\t\t\t\t<div class=\"elementor-background-overlay\"><\/div>\n\t\t\t\t\t\t\t<div class=\"elementor-container elementor-column-gap-default\">\n\t\t\t\t\t<div class=\"has_ae_slider elementor-column elementor-col-100 elementor-top-column elementor-element elementor-element-fee7c73 ae-bg-gallery-type-default\" data-id=\"fee7c73\" data-element_type=\"column\">\n\t\t\t<div class=\"elementor-widget-wrap elementor-element-populated\">\n\t\t\t\t\t\t<div class=\"elementor-element elementor-element-bba357b elementor-widget elementor-widget-heading\" data-id=\"bba357b\" data-element_type=\"widget\" data-widget_type=\"heading.default\">\n\t\t\t\t<div class=\"elementor-widget-container\">\n\t\t\t<style>\/*! elementor - v3.21.0 - 26-05-2024 *\/\n.elementor-heading-title{padding:0;margin:0;line-height:1}.elementor-widget-heading .elementor-heading-title[class*=elementor-size-]>a{color:inherit;font-size:inherit;line-height:inherit}.elementor-widget-heading .elementor-heading-title.elementor-size-small{font-size:15px}.elementor-widget-heading .elementor-heading-title.elementor-size-medium{font-size:19px}.elementor-widget-heading .elementor-heading-title.elementor-size-large{font-size:29px}.elementor-widget-heading .elementor-heading-title.elementor-size-xl{font-size:39px}.elementor-widget-heading .elementor-heading-title.elementor-size-xxl{font-size:59px}<\/style><h1 class=\"elementor-heading-title elementor-size-default\">Kochrezepte und Nachrichten<\/h1>\t\t<\/div>\n\t\t\t\t<\/div>\n\t\t\t\t\t<\/div>\n\t\t<\/div>\n\t\t\t\t\t<\/div>\n\t\t<\/section>\n\t\t\t\t<section class=\"has_ae_slider elementor-section elementor-top-section elementor-element elementor-element-f6f0130 elementor-section-boxed elementor-section-height-default elementor-section-height-default ae-bg-gallery-type-default\" data-id=\"f6f0130\" data-element_type=\"section\">\n\t\t\t\t\t\t<div class=\"elementor-container elementor-column-gap-default\">\n\t\t\t\t\t<div class=\"has_ae_slider elementor-column elementor-col-100 elementor-top-column elementor-element elementor-element-9c76179 ae-bg-gallery-type-default\" data-id=\"9c76179\" data-element_type=\"column\">\n\t\t\t<div class=\"elementor-widget-wrap elementor-element-populated\">\n\t\t\t\t\t\t<div class=\"dce-dynamic-posts-collection elementor-element elementor-element-037c933 dce-col-3 custom-blog-home-layout dce-posts-layout-default dce-col-tablet-3 dce-col-mobile-1 dce-align-left elementor-widget elementor-widget-dce-dynamicposts-v2\" data-id=\"037c933\" data-element_type=\"widget\" data-settings=\"{&quot;infiniteScroll_enable&quot;:&quot;yes&quot;,&quot;infiniteScroll_enable_history&quot;:&quot;yes&quot;,&quot;style_items&quot;:&quot;default&quot;,&quot;grid_grid_type&quot;:&quot;flex&quot;,&quot;infiniteScroll_trigger&quot;:&quot;scroll&quot;}\" data-widget_type=\"dce-dynamicposts-v2.grid\">\n\t\t\t\t<div class=\"elementor-widget-container\">\n\t\t\t\n\t\t<div class=\"dce-posts-container is_infiniteScroll dce-posts  dce-skin-grid dce-skin-grid-flex\">\n\t\t\t\t\t\t<div class=\"dce-posts-wrapper dce-wrapper-grid\">\n\t\t\n\t\t<article class=\"dce-post dce-post-item dce-item-grid post-2421 recette type-recette status-publish has-post-thumbnail hentry category-kochrezept category-recette tag-anderes-gericht tag-autre-plat tag-ideen-zum-kochen tag-idees-a-cuisiner\" data-dce-post-id=\"2421\" data-dce-post-index=\"0\" >\n\t\t\t<div class=\"dce-post-block\">\n\t\t<div class=\"dce-item dce-item_image elementor-repeater-item-f585764\"><a class=\"dce-post-image dce-post-bgimage\" href=\"https:\/\/www.truffe-plantin.com\/blog\/de\/recette\/jakobsmuscheln-und-schwarze-trueffel\/\"><figure data-image-ratio=\"\" class=\"dce-img dce-bgimage\" style=\"background-image: url(https:\/\/www.truffe-plantin.com\/blog\/wp-content\/uploads\/2021\/09\/noix_saint_jacques_truffe_noire-1-1024x682.jpg); background-repeat: no-repeat; background-size: cover; display: block;\"><\/figure><\/a><\/div><div class=\"dce-item dce-item_title elementor-repeater-item-4125157\"><h3 class=\"dce-post-title\"><a href=\"https:\/\/www.truffe-plantin.com\/blog\/de\/recette\/jakobsmuscheln-und-schwarze-trueffel\/\">Jakobsmuscheln und Schwarze Tr\u00fcffel<\/a><\/h3><\/div><div class=\"dce-item dce-item_readmore elementor-repeater-item-31a783d\">\t\t<div class=\"dce-post-button\">\n\t\t\t<a href=\"https:\/\/www.truffe-plantin.com\/blog\/de\/recette\/jakobsmuscheln-und-schwarze-trueffel\/\" class=\"elementor-button-link elementor-button dce-button elementor-size-sm\" role=\"button\" >\n\t\t\tMEHR SEHEN\t\t\t<\/a>\n\t\t<\/div>\n\t\t<\/div>\t\t\t<\/div>\n\t\t<\/article>\n\t\t\n\t\t<article class=\"dce-post dce-post-item dce-item-grid post-2364 recette type-recette status-publish has-post-thumbnail hentry category-kochrezept category-recette tag-anderes-gericht tag-autre-plat tag-ideen-zum-kochen tag-idees-a-cuisiner\" data-dce-post-id=\"2364\" data-dce-post-index=\"1\" >\n\t\t\t<div class=\"dce-post-block\">\n\t\t<div class=\"dce-item dce-item_image elementor-repeater-item-f585764\"><a class=\"dce-post-image dce-post-bgimage\" href=\"https:\/\/www.truffe-plantin.com\/blog\/de\/recette\/pilz-cremesuppe-mit-schwarzer-trueffel\/\"><figure data-image-ratio=\"\" class=\"dce-img dce-bgimage\" style=\"background-image: url(https:\/\/www.truffe-plantin.com\/blog\/wp-content\/uploads\/2021\/09\/veloute-tout-champignons-truffe-noire-916x1024.jpg); background-repeat: no-repeat; background-size: cover; display: block;\"><\/figure><\/a><\/div><div class=\"dce-item dce-item_title elementor-repeater-item-4125157\"><h3 class=\"dce-post-title\"><a href=\"https:\/\/www.truffe-plantin.com\/blog\/de\/recette\/pilz-cremesuppe-mit-schwarzer-trueffel\/\">Pilz-Cremesuppe mit Schwarzer Tr\u00fcffel<\/a><\/h3><\/div><div class=\"dce-item dce-item_readmore elementor-repeater-item-31a783d\">\t\t<div class=\"dce-post-button\">\n\t\t\t<a href=\"https:\/\/www.truffe-plantin.com\/blog\/de\/recette\/pilz-cremesuppe-mit-schwarzer-trueffel\/\" class=\"elementor-button-link elementor-button dce-button elementor-size-sm\" role=\"button\" >\n\t\t\tMEHR SEHEN\t\t\t<\/a>\n\t\t<\/div>\n\t\t<\/div>\t\t\t<\/div>\n\t\t<\/article>\n\t\t\n\t\t<article class=\"dce-post dce-post-item dce-item-grid post-2362 recette type-recette status-publish has-post-thumbnail hentry category-kochrezept category-recette tag-anderes-gericht tag-autre-plat tag-ideen-zum-kochen tag-idees-a-cuisiner\" data-dce-post-id=\"2362\" data-dce-post-index=\"2\" >\n\t\t\t<div class=\"dce-post-block\">\n\t\t<div class=\"dce-item dce-item_image elementor-repeater-item-f585764\"><a class=\"dce-post-image dce-post-bgimage\" href=\"https:\/\/www.truffe-plantin.com\/blog\/de\/recette\/artischocke-mit-safran-und-weisser-alba-trueffel-entenleber-creme-salbei-und-colonnata-speck\/\"><figure data-image-ratio=\"\" class=\"dce-img dce-bgimage\" style=\"background-image: url(https:\/\/www.truffe-plantin.com\/blog\/wp-content\/uploads\/2021\/09\/artichaut_truffe_blanche_alba-1024x683.jpg); background-repeat: no-repeat; background-size: cover; display: block;\"><\/figure><\/a><\/div><div class=\"dce-item dce-item_title elementor-repeater-item-4125157\"><h3 class=\"dce-post-title\"><a href=\"https:\/\/www.truffe-plantin.com\/blog\/de\/recette\/artischocke-mit-safran-und-weisser-alba-trueffel-entenleber-creme-salbei-und-colonnata-speck\/\">Artischocke mit Safran und Wei\u00dfer Alba-Tr\u00fcffel, Entenleber-Creme, Salbei und Colonnata-Speck<\/a><\/h3><\/div><div class=\"dce-item dce-item_readmore elementor-repeater-item-31a783d\">\t\t<div class=\"dce-post-button\">\n\t\t\t<a href=\"https:\/\/www.truffe-plantin.com\/blog\/de\/recette\/artischocke-mit-safran-und-weisser-alba-trueffel-entenleber-creme-salbei-und-colonnata-speck\/\" class=\"elementor-button-link elementor-button dce-button elementor-size-sm\" role=\"button\" >\n\t\t\tMEHR SEHEN\t\t\t<\/a>\n\t\t<\/div>\n\t\t<\/div>\t\t\t<\/div>\n\t\t<\/article>\n\t\t\n\t\t<article class=\"dce-post dce-post-item dce-item-grid post-2312 recette type-recette status-publish has-post-thumbnail hentry category-kochrezept category-recette tag-anderes-gericht tag-autre-plat tag-ideen-zum-kochen tag-idees-a-cuisiner\" data-dce-post-id=\"2312\" data-dce-post-index=\"3\" >\n\t\t\t<div class=\"dce-post-block\">\n\t\t<div class=\"dce-item dce-item_image elementor-repeater-item-f585764\"><a class=\"dce-post-image dce-post-bgimage\" href=\"https:\/\/www.truffe-plantin.com\/blog\/de\/recette\/leichte-buche-mit-vanille-trueffel-schoko-fuellung\/\"><figure data-image-ratio=\"\" class=\"dce-img dce-bgimage\" style=\"background-image: url(https:\/\/www.truffe-plantin.com\/blog\/wp-content\/uploads\/2021\/09\/Buche-de-Noel-truffe-1024x683.jpg); background-repeat: no-repeat; background-size: cover; display: block;\"><\/figure><\/a><\/div><div class=\"dce-item dce-item_title elementor-repeater-item-4125157\"><h3 class=\"dce-post-title\"><a href=\"https:\/\/www.truffe-plantin.com\/blog\/de\/recette\/leichte-buche-mit-vanille-trueffel-schoko-fuellung\/\">Leichte B\u00fbche mit Vanille, Tr\u00fcffel-Schoko-F\u00fcllung<\/a><\/h3><\/div><div class=\"dce-item dce-item_readmore elementor-repeater-item-31a783d\">\t\t<div class=\"dce-post-button\">\n\t\t\t<a href=\"https:\/\/www.truffe-plantin.com\/blog\/de\/recette\/leichte-buche-mit-vanille-trueffel-schoko-fuellung\/\" class=\"elementor-button-link elementor-button dce-button elementor-size-sm\" role=\"button\" >\n\t\t\tMEHR SEHEN\t\t\t<\/a>\n\t\t<\/div>\n\t\t<\/div>\t\t\t<\/div>\n\t\t<\/article>\n\t\t\n\t\t<article class=\"dce-post dce-post-item dce-item-grid post-2279 recette type-recette status-publish has-post-thumbnail hentry category-kochrezept category-recette tag-anderes-gericht tag-autre-plat tag-ideen-zum-kochen tag-idees-a-cuisiner\" data-dce-post-id=\"2279\" data-dce-post-index=\"4\" >\n\t\t\t<div class=\"dce-post-block\">\n\t\t<div class=\"dce-item dce-item_image elementor-repeater-item-f585764\"><a class=\"dce-post-image dce-post-bgimage\" href=\"https:\/\/www.truffe-plantin.com\/blog\/de\/recette\/kartoffelgratin-mit-comte-aop-creme-und-schwarzer-trueffel\/\"><figure data-image-ratio=\"\" class=\"dce-img dce-bgimage\" style=\"background-image: url(https:\/\/www.truffe-plantin.com\/blog\/wp-content\/uploads\/2021\/09\/gratin_dauphinois_truffe_noire-1024x678.jpg); background-repeat: no-repeat; background-size: cover; display: block;\"><\/figure><\/a><\/div><div class=\"dce-item dce-item_title elementor-repeater-item-4125157\"><h3 class=\"dce-post-title\"><a href=\"https:\/\/www.truffe-plantin.com\/blog\/de\/recette\/kartoffelgratin-mit-comte-aop-creme-und-schwarzer-trueffel\/\">Kartoffelgratin mit Comt\u00e9-AOP-Creme und Schwarzer Tr\u00fcffel<\/a><\/h3><\/div><div class=\"dce-item dce-item_readmore elementor-repeater-item-31a783d\">\t\t<div class=\"dce-post-button\">\n\t\t\t<a href=\"https:\/\/www.truffe-plantin.com\/blog\/de\/recette\/kartoffelgratin-mit-comte-aop-creme-und-schwarzer-trueffel\/\" class=\"elementor-button-link elementor-button dce-button elementor-size-sm\" role=\"button\" >\n\t\t\tMEHR SEHEN\t\t\t<\/a>\n\t\t<\/div>\n\t\t<\/div>\t\t\t<\/div>\n\t\t<\/article>\n\t\t\n\t\t<article class=\"dce-post dce-post-item dce-item-grid post-2275 recette type-recette status-publish has-post-thumbnail hentry category-kochrezept category-recette tag-anderes-gericht tag-autre-plat tag-ideen-zum-kochen tag-idees-a-cuisiner\" data-dce-post-id=\"2275\" data-dce-post-index=\"5\" >\n\t\t\t<div class=\"dce-post-block\">\n\t\t<div class=\"dce-item dce-item_image elementor-repeater-item-f585764\"><a class=\"dce-post-image dce-post-bgimage\" href=\"https:\/\/www.truffe-plantin.com\/blog\/de\/recette\/brie-mit-schwarzer-trueffel\/\"><figure data-image-ratio=\"\" class=\"dce-img dce-bgimage\" style=\"background-image: url(https:\/\/www.truffe-plantin.com\/blog\/wp-content\/uploads\/2021\/09\/brie_truffe_noire-1024x683.jpg); background-repeat: no-repeat; background-size: cover; display: block;\"><\/figure><\/a><\/div><div class=\"dce-item dce-item_title elementor-repeater-item-4125157\"><h3 class=\"dce-post-title\"><a href=\"https:\/\/www.truffe-plantin.com\/blog\/de\/recette\/brie-mit-schwarzer-trueffel\/\">Brie mit Schwarzer Tr\u00fcffel<\/a><\/h3><\/div><div class=\"dce-item dce-item_readmore elementor-repeater-item-31a783d\">\t\t<div class=\"dce-post-button\">\n\t\t\t<a href=\"https:\/\/www.truffe-plantin.com\/blog\/de\/recette\/brie-mit-schwarzer-trueffel\/\" class=\"elementor-button-link elementor-button dce-button elementor-size-sm\" role=\"button\" >\n\t\t\tMEHR SEHEN\t\t\t<\/a>\n\t\t<\/div>\n\t\t<\/div>\t\t\t<\/div>\n\t\t<\/article>\n\t\t\t\t\t<\/div>\n\t\t\t\t\t<\/div>\n\t\t\t\t\t\t<nav class=\"infiniteScroll\">\n\t\t\t\t\t<div class=\"page-load-status\">\n\n\t\t\t\t\t\t\t\t\t\t\t\t\t<div class=\"loader-ellips infinite-scroll-request\">\n\t\t\t\t\t\t\t\t<span class=\"loader-ellips__dot\"><\/span>\n\t\t\t\t\t\t\t\t<span class=\"loader-ellips__dot\"><\/span>\n\t\t\t\t\t\t\t\t<span class=\"loader-ellips__dot\"><\/span>\n\t\t\t\t\t\t\t\t<span class=\"loader-ellips__dot\"><\/span>\n\t\t\t\t\t\t\t<\/div>\n\t\t\t\t\t\t\t\t\t\t\t\t\t<div class=\"infinite-scroll-last status-text\"><\/div>\n\t\t\t\t\t\t<div class=\"infinite-scroll-error status-text\"><\/div>\n\n\t\t\t\t\t\t<div class=\"pagination\" role=\"navigation\">\n\t\t\t\t\t\t\t\t\t\t\t\t\t\t<a class=\"pagination__next\" href=\"https:\/\/www.truffe-plantin.com\/blog\/de\/wp-json\/wp\/v2\/pages\/2289\/page\/2\/\"><\/a>\n\t\t\t\t\t\t\t\t\t\t\t\t\t<\/div>\n\t\t\t\t\t<\/div>\n\n\n\t\t\t\t<\/nav>\n\t\t\t\t\t\t<\/div>\n\t\t\t\t<\/div>\n\t\t\t\t\t<\/div>\n\t\t<\/div>\n\t\t\t\t\t<\/div>\n\t\t<\/section>\n\t\t\t\t<\/div>\n\t\t","protected":false},"excerpt":{"rendered":"<p>Kochrezepte und Nachrichten Risotto aux girolles et \u00e0 la truffe d&rsquo;automne MEHR SEHEN Tartines au ch\u00e8vre, figues r\u00f4ties au miel et truffe d&rsquo;automne MEHR SEHEN \u0152uf \u00e0 la coque \u00e0 la truffe noire MEHR SEHEN Truffes au chocolat et \u00e0 la p\u00e2te \u00e0 tartiner \u00e0 la truffe MEHR SEHEN G\u00e2teau de P\u00e2ques au chocolat \u00e0 [&hellip;]<\/p>\n","protected":false},"author":1,"featured_media":0,"parent":0,"menu_order":0,"comment_status":"closed","ping_status":"closed","template":"elementor_header_footer","meta":{"_acf_changed":false,"footnotes":""},"class_list":["post-2289","page","type-page","status-publish","hentry"],"acf":[],"yoast_head":"<!-- This site is optimized with the Yoast SEO plugin v22.8 - https:\/\/yoast.com\/wordpress\/plugins\/seo\/ -->\n<title>Home - Magazine Plantin<\/title>\n<meta name=\"robots\" content=\"index, follow, max-snippet:-1, max-image-preview:large, max-video-preview:-1\" \/>\n<link rel=\"canonical\" href=\"https:\/\/www.truffe-plantin.com\/blog\/de\/\" \/>\n<meta property=\"og:locale\" content=\"de_DE\" \/>\n<meta property=\"og:type\" content=\"article\" \/>\n<meta property=\"og:title\" content=\"Home - Magazine Plantin\" \/>\n<meta property=\"og:description\" content=\"Kochrezepte und Nachrichten Risotto aux girolles et \u00e0 la truffe d&rsquo;automne MEHR SEHEN Tartines au ch\u00e8vre, figues r\u00f4ties au miel et truffe d&rsquo;automne MEHR SEHEN \u0152uf \u00e0 la coque \u00e0 la truffe noire MEHR SEHEN Truffes au chocolat et \u00e0 la p\u00e2te \u00e0 tartiner \u00e0 la truffe MEHR SEHEN G\u00e2teau de P\u00e2ques au chocolat \u00e0 [&hellip;]\" \/>\n<meta property=\"og:url\" content=\"https:\/\/www.truffe-plantin.com\/blog\/de\/\" \/>\n<meta property=\"og:site_name\" content=\"Magazine Plantin\" \/>\n<meta property=\"article:modified_time\" content=\"2022-01-13T15:03:13+00:00\" \/>\n<meta name=\"twitter:card\" content=\"summary_large_image\" \/>\n<meta name=\"twitter:label1\" content=\"Gesch\u00e4tzte Lesezeit\" \/>\n\t<meta name=\"twitter:data1\" content=\"1\u00a0Minute\" \/>\n<script type=\"application\/ld+json\" class=\"yoast-schema-graph\">{\"@context\":\"https:\/\/schema.org\",\"@graph\":[{\"@type\":\"WebPage\",\"@id\":\"https:\/\/www.truffe-plantin.com\/blog\/de\/\",\"url\":\"https:\/\/www.truffe-plantin.com\/blog\/de\/\",\"name\":\"Home - Magazine Plantin\",\"isPartOf\":{\"@id\":\"https:\/\/www.truffe-plantin.com\/blog\/de\/#website\"},\"datePublished\":\"2021-12-20T18:19:42+00:00\",\"dateModified\":\"2022-01-13T15:03:13+00:00\",\"breadcrumb\":{\"@id\":\"https:\/\/www.truffe-plantin.com\/blog\/de\/#breadcrumb\"},\"inLanguage\":\"de\",\"potentialAction\":[{\"@type\":\"ReadAction\",\"target\":[\"https:\/\/www.truffe-plantin.com\/blog\/de\/\"]}]},{\"@type\":\"BreadcrumbList\",\"@id\":\"https:\/\/www.truffe-plantin.com\/blog\/de\/#breadcrumb\",\"itemListElement\":[{\"@type\":\"ListItem\",\"position\":1,\"name\":\"Accueil\",\"item\":\"https:\/\/www.truffe-plantin.com\/blog\/de\/\"},{\"@type\":\"ListItem\",\"position\":2,\"name\":\"Home\"}]},{\"@type\":\"WebSite\",\"@id\":\"https:\/\/www.truffe-plantin.com\/blog\/de\/#website\",\"url\":\"https:\/\/www.truffe-plantin.com\/blog\/de\/\",\"name\":\"Magazine Plantin\",\"description\":\"Les id\u00e9es de recettes \u00e0 la truffe  et actualit\u00e9s sign\u00e9es PLANTIN\",\"publisher\":{\"@id\":\"https:\/\/www.truffe-plantin.com\/blog\/de\/#organization\"},\"potentialAction\":[{\"@type\":\"SearchAction\",\"target\":{\"@type\":\"EntryPoint\",\"urlTemplate\":\"https:\/\/www.truffe-plantin.com\/blog\/de\/?s={search_term_string}\"},\"query-input\":\"required name=search_term_string\"}],\"inLanguage\":\"de\"},{\"@type\":\"Organization\",\"@id\":\"https:\/\/www.truffe-plantin.com\/blog\/de\/#organization\",\"name\":\"Magazine Plantin\",\"url\":\"https:\/\/www.truffe-plantin.com\/blog\/de\/\",\"logo\":{\"@type\":\"ImageObject\",\"inLanguage\":\"de\",\"@id\":\"https:\/\/www.truffe-plantin.com\/blog\/de\/#\/schema\/logo\/image\/\",\"url\":\"https:\/\/www.truffe-plantin.com\/blog\/wp-content\/uploads\/2021\/09\/logo-plantin-hires-1.png\",\"contentUrl\":\"https:\/\/www.truffe-plantin.com\/blog\/wp-content\/uploads\/2021\/09\/logo-plantin-hires-1.png\",\"width\":400,\"height\":295,\"caption\":\"Magazine Plantin\"},\"image\":{\"@id\":\"https:\/\/www.truffe-plantin.com\/blog\/de\/#\/schema\/logo\/image\/\"}}]}<\/script>\n<!-- \/ Yoast SEO plugin. -->","yoast_head_json":{"title":"Home - Magazine Plantin","robots":{"index":"index","follow":"follow","max-snippet":"max-snippet:-1","max-image-preview":"max-image-preview:large","max-video-preview":"max-video-preview:-1"},"canonical":"https:\/\/www.truffe-plantin.com\/blog\/de\/","og_locale":"de_DE","og_type":"article","og_title":"Home - Magazine Plantin","og_description":"Kochrezepte und Nachrichten Risotto aux girolles et \u00e0 la truffe d&rsquo;automne MEHR SEHEN Tartines au ch\u00e8vre, figues r\u00f4ties au miel et truffe d&rsquo;automne MEHR SEHEN \u0152uf \u00e0 la coque \u00e0 la truffe noire MEHR SEHEN Truffes au chocolat et \u00e0 la p\u00e2te \u00e0 tartiner \u00e0 la truffe MEHR SEHEN G\u00e2teau de P\u00e2ques au chocolat \u00e0 [&hellip;]","og_url":"https:\/\/www.truffe-plantin.com\/blog\/de\/","og_site_name":"Magazine Plantin","article_modified_time":"2022-01-13T15:03:13+00:00","twitter_card":"summary_large_image","twitter_misc":{"Gesch\u00e4tzte Lesezeit":"1\u00a0Minute"},"schema":{"@context":"https:\/\/schema.org","@graph":[{"@type":"WebPage","@id":"https:\/\/www.truffe-plantin.com\/blog\/de\/","url":"https:\/\/www.truffe-plantin.com\/blog\/de\/","name":"Home - Magazine Plantin","isPartOf":{"@id":"https:\/\/www.truffe-plantin.com\/blog\/de\/#website"},"datePublished":"2021-12-20T18:19:42+00:00","dateModified":"2022-01-13T15:03:13+00:00","breadcrumb":{"@id":"https:\/\/www.truffe-plantin.com\/blog\/de\/#breadcrumb"},"inLanguage":"de","potentialAction":[{"@type":"ReadAction","target":["https:\/\/www.truffe-plantin.com\/blog\/de\/"]}]},{"@type":"BreadcrumbList","@id":"https:\/\/www.truffe-plantin.com\/blog\/de\/#breadcrumb","itemListElement":[{"@type":"ListItem","position":1,"name":"Accueil","item":"https:\/\/www.truffe-plantin.com\/blog\/de\/"},{"@type":"ListItem","position":2,"name":"Home"}]},{"@type":"WebSite","@id":"https:\/\/www.truffe-plantin.com\/blog\/de\/#website","url":"https:\/\/www.truffe-plantin.com\/blog\/de\/","name":"Magazine Plantin","description":"Les id\u00e9es de recettes \u00e0 la truffe  et actualit\u00e9s sign\u00e9es PLANTIN","publisher":{"@id":"https:\/\/www.truffe-plantin.com\/blog\/de\/#organization"},"potentialAction":[{"@type":"SearchAction","target":{"@type":"EntryPoint","urlTemplate":"https:\/\/www.truffe-plantin.com\/blog\/de\/?s={search_term_string}"},"query-input":"required name=search_term_string"}],"inLanguage":"de"},{"@type":"Organization","@id":"https:\/\/www.truffe-plantin.com\/blog\/de\/#organization","name":"Magazine Plantin","url":"https:\/\/www.truffe-plantin.com\/blog\/de\/","logo":{"@type":"ImageObject","inLanguage":"de","@id":"https:\/\/www.truffe-plantin.com\/blog\/de\/#\/schema\/logo\/image\/","url":"https:\/\/www.truffe-plantin.com\/blog\/wp-content\/uploads\/2021\/09\/logo-plantin-hires-1.png","contentUrl":"https:\/\/www.truffe-plantin.com\/blog\/wp-content\/uploads\/2021\/09\/logo-plantin-hires-1.png","width":400,"height":295,"caption":"Magazine Plantin"},"image":{"@id":"https:\/\/www.truffe-plantin.com\/blog\/de\/#\/schema\/logo\/image\/"}}]}},"_links":{"self":[{"href":"https:\/\/www.truffe-plantin.com\/blog\/de\/wp-json\/wp\/v2\/pages\/2289","targetHints":{"allow":["GET"]}}],"collection":[{"href":"https:\/\/www.truffe-plantin.com\/blog\/de\/wp-json\/wp\/v2\/pages"}],"about":[{"href":"https:\/\/www.truffe-plantin.com\/blog\/de\/wp-json\/wp\/v2\/types\/page"}],"author":[{"embeddable":true,"href":"https:\/\/www.truffe-plantin.com\/blog\/de\/wp-json\/wp\/v2\/users\/1"}],"replies":[{"embeddable":true,"href":"https:\/\/www.truffe-plantin.com\/blog\/de\/wp-json\/wp\/v2\/comments?post=2289"}],"version-history":[{"count":5,"href":"https:\/\/www.truffe-plantin.com\/blog\/de\/wp-json\/wp\/v2\/pages\/2289\/revisions"}],"predecessor-version":[{"id":2785,"href":"https:\/\/www.truffe-plantin.com\/blog\/de\/wp-json\/wp\/v2\/pages\/2289\/revisions\/2785"}],"wp:attachment":[{"href":"https:\/\/www.truffe-plantin.com\/blog\/de\/wp-json\/wp\/v2\/media?parent=2289"}],"curies":[{"name":"wp","href":"https:\/\/api.w.org\/{rel}","templated":true}]}}