{"id":1157,"date":"2021-11-30T12:44:01","date_gmt":"2021-11-30T11:44:01","guid":{"rendered":"https:\/\/truffe-plantin.com.yadle.net\/blog\/homepage\/"},"modified":"2022-01-13T16:01:46","modified_gmt":"2022-01-13T15:01:46","slug":"homepage","status":"publish","type":"page","link":"https:\/\/www.truffe-plantin.com\/blog\/en\/","title":{"rendered":"Homepage"},"content":{"rendered":"\t\t<div data-elementor-type=\"wp-page\" data-elementor-id=\"1157\" data-post-id=\"1961\" data-obj-id=\"1961\" class=\"elementor elementor-1157 dce-elementor-post-1961\" data-elementor-post-type=\"page\">\n\t\t\t\t\t\t<section class=\"has_ae_slider elementor-section elementor-top-section elementor-element elementor-element-2251155 elementor-section-full_width elementor-section-stretched elementor-section-height-default elementor-section-height-default ae-bg-gallery-type-default\" data-dce-background-overlay-color=\"#000000\" data-dce-background-image-url=\"https:\/\/www.truffe-plantin.com\/blog\/wp-content\/uploads\/2022\/01\/bandeau-plantin-compressed.jpg\" data-id=\"2251155\" data-element_type=\"section\" data-settings=\"{&quot;stretch_section&quot;:&quot;section-stretched&quot;,&quot;background_background&quot;:&quot;classic&quot;}\">\n\t\t\t\t\t\t\t<div class=\"elementor-background-overlay\"><\/div>\n\t\t\t\t\t\t\t<div class=\"elementor-container elementor-column-gap-default\">\n\t\t\t\t\t<div class=\"has_ae_slider elementor-column elementor-col-100 elementor-top-column elementor-element elementor-element-ec90ccb ae-bg-gallery-type-default\" data-id=\"ec90ccb\" data-element_type=\"column\">\n\t\t\t<div class=\"elementor-widget-wrap elementor-element-populated\">\n\t\t\t\t\t\t<div class=\"elementor-element elementor-element-332cb5f elementor-widget elementor-widget-heading\" data-id=\"332cb5f\" data-element_type=\"widget\" data-widget_type=\"heading.default\">\n\t\t\t\t<div class=\"elementor-widget-container\">\n\t\t\t<style>\/*! elementor - v3.21.0 - 26-05-2024 *\/\n.elementor-heading-title{padding:0;margin:0;line-height:1}.elementor-widget-heading .elementor-heading-title[class*=elementor-size-]>a{color:inherit;font-size:inherit;line-height:inherit}.elementor-widget-heading .elementor-heading-title.elementor-size-small{font-size:15px}.elementor-widget-heading .elementor-heading-title.elementor-size-medium{font-size:19px}.elementor-widget-heading .elementor-heading-title.elementor-size-large{font-size:29px}.elementor-widget-heading .elementor-heading-title.elementor-size-xl{font-size:39px}.elementor-widget-heading .elementor-heading-title.elementor-size-xxl{font-size:59px}<\/style><h1 class=\"elementor-heading-title elementor-size-default\">Recipes and News<\/h1>\t\t<\/div>\n\t\t\t\t<\/div>\n\t\t\t\t\t<\/div>\n\t\t<\/div>\n\t\t\t\t\t<\/div>\n\t\t<\/section>\n\t\t\t\t<section class=\"has_ae_slider elementor-section elementor-top-section elementor-element elementor-element-f6f0130 elementor-section-boxed elementor-section-height-default elementor-section-height-default ae-bg-gallery-type-default\" data-id=\"f6f0130\" data-element_type=\"section\">\n\t\t\t\t\t\t<div class=\"elementor-container elementor-column-gap-default\">\n\t\t\t\t\t<div class=\"has_ae_slider elementor-column elementor-col-100 elementor-top-column elementor-element elementor-element-9c76179 ae-bg-gallery-type-default\" data-id=\"9c76179\" data-element_type=\"column\">\n\t\t\t<div class=\"elementor-widget-wrap elementor-element-populated\">\n\t\t\t\t\t\t<div class=\"dce-dynamic-posts-collection elementor-element elementor-element-8dfd7df dce-col-3 custom-blog-home-layout dce-posts-layout-default dce-col-tablet-3 dce-col-mobile-1 dce-align-left elementor-widget elementor-widget-dce-dynamicposts-v2\" data-id=\"8dfd7df\" data-element_type=\"widget\" data-settings=\"{&quot;infiniteScroll_enable&quot;:&quot;yes&quot;,&quot;infiniteScroll_enable_history&quot;:&quot;yes&quot;,&quot;style_items&quot;:&quot;default&quot;,&quot;grid_grid_type&quot;:&quot;flex&quot;,&quot;infiniteScroll_trigger&quot;:&quot;scroll&quot;}\" data-widget_type=\"dce-dynamicposts-v2.grid\">\n\t\t\t\t<div class=\"elementor-widget-container\">\n\t\t\t\n\t\t<div class=\"dce-posts-container is_infiniteScroll dce-posts  dce-skin-grid dce-skin-grid-flex\">\n\t\t\t\t\t\t<div class=\"dce-posts-wrapper dce-wrapper-grid\">\n\t\t\n\t\t<article class=\"dce-post dce-post-item dce-item-grid post-1994 recette type-recette status-publish has-post-thumbnail hentry category-recipes tag-inspirations\" data-dce-post-id=\"1994\" data-dce-post-index=\"0\" >\n\t\t\t<div class=\"dce-post-block\">\n\t\t<div class=\"dce-item dce-item_image elementor-repeater-item-f585764\"><a class=\"dce-post-image dce-post-bgimage\" href=\"https:\/\/www.truffe-plantin.com\/blog\/en\/recette\/tartines-topped-with-goats-cheese-honey-roasted-figs-and-autumn-truffle\/\"><figure data-image-ratio=\"\" class=\"dce-img dce-bgimage\" style=\"background-image: url(https:\/\/www.truffe-plantin.com\/blog\/wp-content\/uploads\/2021\/12\/tartine-chevre-figue-et-truffe-automne_1800x0-1024x704.jpg); background-repeat: no-repeat; background-size: cover; display: block;\"><\/figure><\/a><\/div><div class=\"dce-item dce-item_title elementor-repeater-item-4125157\"><h3 class=\"dce-post-title\"><a href=\"https:\/\/www.truffe-plantin.com\/blog\/en\/recette\/tartines-topped-with-goats-cheese-honey-roasted-figs-and-autumn-truffle\/\">Tartines topped with goat\u2019s cheese, honey-roasted figs and autumn truffle<\/a><\/h3><\/div><div class=\"dce-item dce-item_readmore elementor-repeater-item-31a783d\">\t\t<div class=\"dce-post-button\">\n\t\t\t<a href=\"https:\/\/www.truffe-plantin.com\/blog\/en\/recette\/tartines-topped-with-goats-cheese-honey-roasted-figs-and-autumn-truffle\/\" class=\"elementor-button-link elementor-button dce-button elementor-size-sm\" role=\"button\" >\n\t\t\tREAD MORE\t\t\t<\/a>\n\t\t<\/div>\n\t\t<\/div>\t\t\t<\/div>\n\t\t<\/article>\n\t\t\n\t\t<article class=\"dce-post dce-post-item dce-item-grid post-1992 recette type-recette status-publish has-post-thumbnail hentry category-recette category-recipes tag-idees-a-cuisiner tag-inspirations\" data-dce-post-id=\"1992\" data-dce-post-index=\"1\" >\n\t\t\t<div class=\"dce-post-block\">\n\t\t<div class=\"dce-item dce-item_image elementor-repeater-item-f585764\"><a class=\"dce-post-image dce-post-bgimage\" href=\"https:\/\/www.truffe-plantin.com\/blog\/en\/recette\/risotto-with-chanterelles-and-autumn-truffle\/\"><figure data-image-ratio=\"\" class=\"dce-img dce-bgimage\" style=\"background-image: url(https:\/\/www.truffe-plantin.com\/blog\/wp-content\/uploads\/2021\/12\/risotto-girolles-parmesan-et-truffe-automne_1800x0-1024x721.jpg); background-repeat: no-repeat; background-size: cover; display: block;\"><\/figure><\/a><\/div><div class=\"dce-item dce-item_title elementor-repeater-item-4125157\"><h3 class=\"dce-post-title\"><a href=\"https:\/\/www.truffe-plantin.com\/blog\/en\/recette\/risotto-with-chanterelles-and-autumn-truffle\/\">Risotto with chanterelles and autumn truffle<\/a><\/h3><\/div><div class=\"dce-item dce-item_readmore elementor-repeater-item-31a783d\">\t\t<div class=\"dce-post-button\">\n\t\t\t<a href=\"https:\/\/www.truffe-plantin.com\/blog\/en\/recette\/risotto-with-chanterelles-and-autumn-truffle\/\" class=\"elementor-button-link elementor-button dce-button elementor-size-sm\" role=\"button\" >\n\t\t\tREAD MORE\t\t\t<\/a>\n\t\t<\/div>\n\t\t<\/div>\t\t\t<\/div>\n\t\t<\/article>\n\t\t\n\t\t<article class=\"dce-post dce-post-item dce-item-grid post-1966 recette type-recette status-publish has-post-thumbnail hentry category-recette category-recipes tag-idees-a-cuisiner tag-inspirations tag-risotto tag-risotto-en\" data-dce-post-id=\"1966\" data-dce-post-index=\"2\" >\n\t\t\t<div class=\"dce-post-block\">\n\t\t<div class=\"dce-item dce-item_image elementor-repeater-item-f585764\"><a class=\"dce-post-image dce-post-bgimage\" href=\"https:\/\/www.truffe-plantin.com\/blog\/en\/recette\/risotto-with-summer-truffle-porcini-and-green-asparagus\/\"><figure data-image-ratio=\"\" class=\"dce-img dce-bgimage\" style=\"background-image: url(https:\/\/www.truffe-plantin.com\/blog\/wp-content\/uploads\/2021\/09\/risotto_truffe_plantin-1024x768.jpg); background-repeat: no-repeat; background-size: cover; display: block;\"><\/figure><\/a><\/div><div class=\"dce-item dce-item_title elementor-repeater-item-4125157\"><h3 class=\"dce-post-title\"><a href=\"https:\/\/www.truffe-plantin.com\/blog\/en\/recette\/risotto-with-summer-truffle-porcini-and-green-asparagus\/\">Risotto with summer truffle, porcini and green asparagus<\/a><\/h3><\/div><div class=\"dce-item dce-item_readmore elementor-repeater-item-31a783d\">\t\t<div class=\"dce-post-button\">\n\t\t\t<a href=\"https:\/\/www.truffe-plantin.com\/blog\/en\/recette\/risotto-with-summer-truffle-porcini-and-green-asparagus\/\" class=\"elementor-button-link elementor-button dce-button elementor-size-sm\" role=\"button\" >\n\t\t\tREAD MORE\t\t\t<\/a>\n\t\t<\/div>\n\t\t<\/div>\t\t\t<\/div>\n\t\t<\/article>\n\t\t\n\t\t<article class=\"dce-post dce-post-item dce-item-grid post-1964 recette type-recette status-publish has-post-thumbnail hentry category-recette category-recipes tag-idees-a-cuisiner tag-inspirations tag-pasta tag-pates\" data-dce-post-id=\"1964\" data-dce-post-index=\"3\" >\n\t\t\t<div class=\"dce-post-block\">\n\t\t<div class=\"dce-item dce-item_image elementor-repeater-item-f585764\"><a class=\"dce-post-image dce-post-bgimage\" href=\"https:\/\/www.truffe-plantin.com\/blog\/en\/recette\/fedelini-with-black-truffle\/\"><figure data-image-ratio=\"\" class=\"dce-img dce-bgimage\" style=\"background-image: url(https:\/\/www.truffe-plantin.com\/blog\/wp-content\/uploads\/2021\/09\/fedelini_truffe_noire-1024x651.jpg); background-repeat: no-repeat; background-size: cover; display: block;\"><\/figure><\/a><\/div><div class=\"dce-item dce-item_title elementor-repeater-item-4125157\"><h3 class=\"dce-post-title\"><a href=\"https:\/\/www.truffe-plantin.com\/blog\/en\/recette\/fedelini-with-black-truffle\/\">Fedelini with black truffle<\/a><\/h3><\/div><div class=\"dce-item dce-item_readmore elementor-repeater-item-31a783d\">\t\t<div class=\"dce-post-button\">\n\t\t\t<a href=\"https:\/\/www.truffe-plantin.com\/blog\/en\/recette\/fedelini-with-black-truffle\/\" class=\"elementor-button-link elementor-button dce-button elementor-size-sm\" role=\"button\" >\n\t\t\tREAD MORE\t\t\t<\/a>\n\t\t<\/div>\n\t\t<\/div>\t\t\t<\/div>\n\t\t<\/article>\n\t\t\n\t\t<article class=\"dce-post dce-post-item dce-item-grid post-1962 recette type-recette status-publish has-post-thumbnail hentry category-recette category-recipes tag-autre-plat tag-idees-a-cuisiner tag-inspirations tag-others\" data-dce-post-id=\"1962\" data-dce-post-index=\"4\" >\n\t\t\t<div class=\"dce-post-block\">\n\t\t<div class=\"dce-item dce-item_image elementor-repeater-item-f585764\"><a class=\"dce-post-image dce-post-bgimage\" href=\"https:\/\/www.truffe-plantin.com\/blog\/en\/recette\/fresh-summer-truffle-and-burrata-tartlet\/\"><figure data-image-ratio=\"\" class=\"dce-img dce-bgimage\" style=\"background-image: url(https:\/\/www.truffe-plantin.com\/blog\/wp-content\/uploads\/2021\/09\/tartelette_buratta_truffe_ete-1024x683.jpg); background-repeat: no-repeat; background-size: cover; display: block;\"><\/figure><\/a><\/div><div class=\"dce-item dce-item_title elementor-repeater-item-4125157\"><h3 class=\"dce-post-title\"><a href=\"https:\/\/www.truffe-plantin.com\/blog\/en\/recette\/fresh-summer-truffle-and-burrata-tartlet\/\">Fresh summer truffle and burrata tartlet<\/a><\/h3><\/div><div class=\"dce-item dce-item_readmore elementor-repeater-item-31a783d\">\t\t<div class=\"dce-post-button\">\n\t\t\t<a href=\"https:\/\/www.truffe-plantin.com\/blog\/en\/recette\/fresh-summer-truffle-and-burrata-tartlet\/\" class=\"elementor-button-link elementor-button dce-button elementor-size-sm\" role=\"button\" >\n\t\t\tREAD MORE\t\t\t<\/a>\n\t\t<\/div>\n\t\t<\/div>\t\t\t<\/div>\n\t\t<\/article>\n\t\t\n\t\t<article class=\"dce-post dce-post-item dce-item-grid post-1961 recette type-recette status-publish has-post-thumbnail hentry category-recette category-recipes tag-autre-plat tag-idees-a-cuisiner tag-inspirations tag-others\" data-dce-post-id=\"1961\" data-dce-post-index=\"5\" >\n\t\t\t<div class=\"dce-post-block\">\n\t\t<div class=\"dce-item dce-item_image elementor-repeater-item-f585764\"><a class=\"dce-post-image dce-post-bgimage\" href=\"https:\/\/www.truffe-plantin.com\/blog\/en\/recette\/fresh-cheese-with-black-truffle\/\"><figure data-image-ratio=\"\" class=\"dce-img dce-bgimage\" style=\"background-image: url(https:\/\/www.truffe-plantin.com\/blog\/wp-content\/uploads\/2021\/09\/IMG_8785-1-683x1024.jpg); background-repeat: no-repeat; background-size: cover; display: block;\"><\/figure><\/a><\/div><div class=\"dce-item dce-item_title elementor-repeater-item-4125157\"><h3 class=\"dce-post-title\"><a href=\"https:\/\/www.truffe-plantin.com\/blog\/en\/recette\/fresh-cheese-with-black-truffle\/\">Fresh cheese with black truffle<\/a><\/h3><\/div><div class=\"dce-item dce-item_readmore elementor-repeater-item-31a783d\">\t\t<div class=\"dce-post-button\">\n\t\t\t<a href=\"https:\/\/www.truffe-plantin.com\/blog\/en\/recette\/fresh-cheese-with-black-truffle\/\" class=\"elementor-button-link elementor-button dce-button elementor-size-sm\" role=\"button\" >\n\t\t\tREAD MORE\t\t\t<\/a>\n\t\t<\/div>\n\t\t<\/div>\t\t\t<\/div>\n\t\t<\/article>\n\t\t\t\t\t<\/div>\n\t\t\t\t\t<\/div>\n\t\t\t\t\t\t<nav class=\"infiniteScroll\">\n\t\t\t\t\t<div class=\"page-load-status\">\n\n\t\t\t\t\t\t\t\t\t\t\t\t\t<div class=\"loader-ellips infinite-scroll-request\">\n\t\t\t\t\t\t\t\t<span class=\"loader-ellips__dot\"><\/span>\n\t\t\t\t\t\t\t\t<span class=\"loader-ellips__dot\"><\/span>\n\t\t\t\t\t\t\t\t<span class=\"loader-ellips__dot\"><\/span>\n\t\t\t\t\t\t\t\t<span class=\"loader-ellips__dot\"><\/span>\n\t\t\t\t\t\t\t<\/div>\n\t\t\t\t\t\t\t\t\t\t\t\t\t<div class=\"infinite-scroll-last status-text\"><\/div>\n\t\t\t\t\t\t<div class=\"infinite-scroll-error status-text\"><\/div>\n\n\t\t\t\t\t\t<div class=\"pagination\" role=\"navigation\">\n\t\t\t\t\t\t\t\t\t\t\t\t\t\t<a class=\"pagination__next\" href=\"https:\/\/www.truffe-plantin.com\/blog\/en\/wp-json\/wp\/v2\/pages\/1157\/page\/2\/\"><\/a>\n\t\t\t\t\t\t\t\t\t\t\t\t\t<\/div>\n\t\t\t\t\t<\/div>\n\n\n\t\t\t\t<\/nav>\n\t\t\t\t\t\t<\/div>\n\t\t\t\t<\/div>\n\t\t\t\t\t<\/div>\n\t\t<\/div>\n\t\t\t\t\t<\/div>\n\t\t<\/section>\n\t\t\t\t<\/div>\n\t\t","protected":false},"excerpt":{"rendered":"<p>Recipes and News Risotto aux girolles et \u00e0 la truffe d&rsquo;automne READ MORE Tartines au ch\u00e8vre, figues r\u00f4ties au miel et truffe d&rsquo;automne READ MORE \u0152uf \u00e0 la coque \u00e0 la truffe noire READ MORE Truffes au chocolat et \u00e0 la p\u00e2te \u00e0 tartiner \u00e0 la truffe READ MORE G\u00e2teau de P\u00e2ques au chocolat \u00e0 [&hellip;]<\/p>\n","protected":false},"author":1,"featured_media":0,"parent":0,"menu_order":0,"comment_status":"closed","ping_status":"closed","template":"elementor_header_footer","meta":{"_acf_changed":false,"footnotes":""},"class_list":["post-1157","page","type-page","status-publish","hentry"],"acf":[],"yoast_head":"<!-- This site is optimized with the Yoast SEO plugin v22.8 - https:\/\/yoast.com\/wordpress\/plugins\/seo\/ -->\n<title>Homepage - Magazine Plantin<\/title>\n<meta name=\"robots\" content=\"index, follow, max-snippet:-1, max-image-preview:large, max-video-preview:-1\" \/>\n<link rel=\"canonical\" href=\"https:\/\/www.truffe-plantin.com\/blog\/en\/\" \/>\n<meta property=\"og:locale\" content=\"en_US\" \/>\n<meta property=\"og:type\" content=\"article\" \/>\n<meta property=\"og:title\" content=\"Homepage - Magazine Plantin\" \/>\n<meta property=\"og:description\" content=\"Recipes and News Risotto aux girolles et \u00e0 la truffe d&rsquo;automne READ MORE Tartines au ch\u00e8vre, figues r\u00f4ties au miel et truffe d&rsquo;automne READ MORE \u0152uf \u00e0 la coque \u00e0 la truffe noire READ MORE Truffes au chocolat et \u00e0 la p\u00e2te \u00e0 tartiner \u00e0 la truffe READ MORE G\u00e2teau de P\u00e2ques au chocolat \u00e0 [&hellip;]\" \/>\n<meta property=\"og:url\" content=\"https:\/\/www.truffe-plantin.com\/blog\/en\/\" \/>\n<meta property=\"og:site_name\" content=\"Magazine Plantin\" \/>\n<meta property=\"article:modified_time\" content=\"2022-01-13T15:01:46+00:00\" \/>\n<meta name=\"twitter:card\" content=\"summary_large_image\" \/>\n<meta name=\"twitter:label1\" content=\"Est. reading time\" \/>\n\t<meta name=\"twitter:data1\" content=\"1 minute\" \/>\n<script type=\"application\/ld+json\" class=\"yoast-schema-graph\">{\"@context\":\"https:\/\/schema.org\",\"@graph\":[{\"@type\":\"WebPage\",\"@id\":\"https:\/\/www.truffe-plantin.com\/blog\/en\/\",\"url\":\"https:\/\/www.truffe-plantin.com\/blog\/en\/\",\"name\":\"Homepage - Magazine Plantin\",\"isPartOf\":{\"@id\":\"https:\/\/www.truffe-plantin.com\/blog\/en\/#website\"},\"datePublished\":\"2021-11-30T11:44:01+00:00\",\"dateModified\":\"2022-01-13T15:01:46+00:00\",\"breadcrumb\":{\"@id\":\"https:\/\/www.truffe-plantin.com\/blog\/en\/#breadcrumb\"},\"inLanguage\":\"en-US\",\"potentialAction\":[{\"@type\":\"ReadAction\",\"target\":[\"https:\/\/www.truffe-plantin.com\/blog\/en\/\"]}]},{\"@type\":\"BreadcrumbList\",\"@id\":\"https:\/\/www.truffe-plantin.com\/blog\/en\/#breadcrumb\",\"itemListElement\":[{\"@type\":\"ListItem\",\"position\":1,\"name\":\"Accueil\",\"item\":\"https:\/\/www.truffe-plantin.com\/blog\/en\/\"},{\"@type\":\"ListItem\",\"position\":2,\"name\":\"Homepage\"}]},{\"@type\":\"WebSite\",\"@id\":\"https:\/\/www.truffe-plantin.com\/blog\/en\/#website\",\"url\":\"https:\/\/www.truffe-plantin.com\/blog\/en\/\",\"name\":\"Magazine Plantin\",\"description\":\"Les id\u00e9es de recettes \u00e0 la truffe  et actualit\u00e9s sign\u00e9es PLANTIN\",\"publisher\":{\"@id\":\"https:\/\/www.truffe-plantin.com\/blog\/en\/#organization\"},\"potentialAction\":[{\"@type\":\"SearchAction\",\"target\":{\"@type\":\"EntryPoint\",\"urlTemplate\":\"https:\/\/www.truffe-plantin.com\/blog\/en\/?s={search_term_string}\"},\"query-input\":\"required name=search_term_string\"}],\"inLanguage\":\"en-US\"},{\"@type\":\"Organization\",\"@id\":\"https:\/\/www.truffe-plantin.com\/blog\/en\/#organization\",\"name\":\"Magazine Plantin\",\"url\":\"https:\/\/www.truffe-plantin.com\/blog\/en\/\",\"logo\":{\"@type\":\"ImageObject\",\"inLanguage\":\"en-US\",\"@id\":\"https:\/\/www.truffe-plantin.com\/blog\/en\/#\/schema\/logo\/image\/\",\"url\":\"https:\/\/www.truffe-plantin.com\/blog\/wp-content\/uploads\/2021\/09\/logo-plantin-hires-1.png\",\"contentUrl\":\"https:\/\/www.truffe-plantin.com\/blog\/wp-content\/uploads\/2021\/09\/logo-plantin-hires-1.png\",\"width\":400,\"height\":295,\"caption\":\"Magazine Plantin\"},\"image\":{\"@id\":\"https:\/\/www.truffe-plantin.com\/blog\/en\/#\/schema\/logo\/image\/\"}}]}<\/script>\n<!-- \/ Yoast SEO plugin. -->","yoast_head_json":{"title":"Homepage - Magazine Plantin","robots":{"index":"index","follow":"follow","max-snippet":"max-snippet:-1","max-image-preview":"max-image-preview:large","max-video-preview":"max-video-preview:-1"},"canonical":"https:\/\/www.truffe-plantin.com\/blog\/en\/","og_locale":"en_US","og_type":"article","og_title":"Homepage - Magazine Plantin","og_description":"Recipes and News Risotto aux girolles et \u00e0 la truffe d&rsquo;automne READ MORE Tartines au ch\u00e8vre, figues r\u00f4ties au miel et truffe d&rsquo;automne READ MORE \u0152uf \u00e0 la coque \u00e0 la truffe noire READ MORE Truffes au chocolat et \u00e0 la p\u00e2te \u00e0 tartiner \u00e0 la truffe READ MORE G\u00e2teau de P\u00e2ques au chocolat \u00e0 [&hellip;]","og_url":"https:\/\/www.truffe-plantin.com\/blog\/en\/","og_site_name":"Magazine Plantin","article_modified_time":"2022-01-13T15:01:46+00:00","twitter_card":"summary_large_image","twitter_misc":{"Est. reading time":"1 minute"},"schema":{"@context":"https:\/\/schema.org","@graph":[{"@type":"WebPage","@id":"https:\/\/www.truffe-plantin.com\/blog\/en\/","url":"https:\/\/www.truffe-plantin.com\/blog\/en\/","name":"Homepage - Magazine Plantin","isPartOf":{"@id":"https:\/\/www.truffe-plantin.com\/blog\/en\/#website"},"datePublished":"2021-11-30T11:44:01+00:00","dateModified":"2022-01-13T15:01:46+00:00","breadcrumb":{"@id":"https:\/\/www.truffe-plantin.com\/blog\/en\/#breadcrumb"},"inLanguage":"en-US","potentialAction":[{"@type":"ReadAction","target":["https:\/\/www.truffe-plantin.com\/blog\/en\/"]}]},{"@type":"BreadcrumbList","@id":"https:\/\/www.truffe-plantin.com\/blog\/en\/#breadcrumb","itemListElement":[{"@type":"ListItem","position":1,"name":"Accueil","item":"https:\/\/www.truffe-plantin.com\/blog\/en\/"},{"@type":"ListItem","position":2,"name":"Homepage"}]},{"@type":"WebSite","@id":"https:\/\/www.truffe-plantin.com\/blog\/en\/#website","url":"https:\/\/www.truffe-plantin.com\/blog\/en\/","name":"Magazine Plantin","description":"Les id\u00e9es de recettes \u00e0 la truffe  et actualit\u00e9s sign\u00e9es PLANTIN","publisher":{"@id":"https:\/\/www.truffe-plantin.com\/blog\/en\/#organization"},"potentialAction":[{"@type":"SearchAction","target":{"@type":"EntryPoint","urlTemplate":"https:\/\/www.truffe-plantin.com\/blog\/en\/?s={search_term_string}"},"query-input":"required name=search_term_string"}],"inLanguage":"en-US"},{"@type":"Organization","@id":"https:\/\/www.truffe-plantin.com\/blog\/en\/#organization","name":"Magazine Plantin","url":"https:\/\/www.truffe-plantin.com\/blog\/en\/","logo":{"@type":"ImageObject","inLanguage":"en-US","@id":"https:\/\/www.truffe-plantin.com\/blog\/en\/#\/schema\/logo\/image\/","url":"https:\/\/www.truffe-plantin.com\/blog\/wp-content\/uploads\/2021\/09\/logo-plantin-hires-1.png","contentUrl":"https:\/\/www.truffe-plantin.com\/blog\/wp-content\/uploads\/2021\/09\/logo-plantin-hires-1.png","width":400,"height":295,"caption":"Magazine Plantin"},"image":{"@id":"https:\/\/www.truffe-plantin.com\/blog\/en\/#\/schema\/logo\/image\/"}}]}},"_links":{"self":[{"href":"https:\/\/www.truffe-plantin.com\/blog\/en\/wp-json\/wp\/v2\/pages\/1157","targetHints":{"allow":["GET"]}}],"collection":[{"href":"https:\/\/www.truffe-plantin.com\/blog\/en\/wp-json\/wp\/v2\/pages"}],"about":[{"href":"https:\/\/www.truffe-plantin.com\/blog\/en\/wp-json\/wp\/v2\/types\/page"}],"author":[{"embeddable":true,"href":"https:\/\/www.truffe-plantin.com\/blog\/en\/wp-json\/wp\/v2\/users\/1"}],"replies":[{"embeddable":true,"href":"https:\/\/www.truffe-plantin.com\/blog\/en\/wp-json\/wp\/v2\/comments?post=1157"}],"version-history":[{"count":5,"href":"https:\/\/www.truffe-plantin.com\/blog\/en\/wp-json\/wp\/v2\/pages\/1157\/revisions"}],"predecessor-version":[{"id":2782,"href":"https:\/\/www.truffe-plantin.com\/blog\/en\/wp-json\/wp\/v2\/pages\/1157\/revisions\/2782"}],"wp:attachment":[{"href":"https:\/\/www.truffe-plantin.com\/blog\/en\/wp-json\/wp\/v2\/media?parent=1157"}],"curies":[{"name":"wp","href":"https:\/\/api.w.org\/{rel}","templated":true}]}}