{"id":747,"date":"2021-10-01T17:56:35","date_gmt":"2021-10-01T15:56:35","guid":{"rendered":"https:\/\/plantin.trafic-influence.net\/blog\/?page_id=747"},"modified":"2022-05-16T12:29:47","modified_gmt":"2022-05-16T10:29:47","slug":"accueil-du-blog","status":"publish","type":"page","link":"https:\/\/www.truffe-plantin.com\/blog\/fr\/","title":{"rendered":"Accueil du blog"},"content":{"rendered":"\t\t<div data-elementor-type=\"wp-page\" data-elementor-id=\"747\" data-post-id=\"4975\" data-obj-id=\"4975\" class=\"elementor elementor-747 dce-elementor-post-4975\" data-elementor-post-type=\"page\">\n\t\t\t\t\t\t<section class=\"has_ae_slider elementor-section elementor-top-section elementor-element elementor-element-baebe5f elementor-section-full_width elementor-section-stretched elementor-section-height-default elementor-section-height-default ae-bg-gallery-type-default\" data-dce-background-overlay-color=\"#000000\" data-dce-background-image-url=\"https:\/\/www.truffe-plantin.com\/blog\/wp-content\/uploads\/2022\/01\/bandeau-plantin-compressed.jpg\" data-id=\"baebe5f\" data-element_type=\"section\" data-settings=\"{&quot;stretch_section&quot;:&quot;section-stretched&quot;,&quot;background_background&quot;:&quot;classic&quot;}\">\n\t\t\t\t\t\t\t<div class=\"elementor-background-overlay\"><\/div>\n\t\t\t\t\t\t\t<div class=\"elementor-container elementor-column-gap-default\">\n\t\t\t\t\t<div class=\"has_ae_slider elementor-column elementor-col-100 elementor-top-column elementor-element elementor-element-fbeb495 ae-bg-gallery-type-default\" data-id=\"fbeb495\" data-element_type=\"column\">\n\t\t\t<div class=\"elementor-widget-wrap elementor-element-populated\">\n\t\t\t\t\t\t<div class=\"elementor-element elementor-element-aa25a27 elementor-widget elementor-widget-heading\" data-id=\"aa25a27\" data-element_type=\"widget\" data-widget_type=\"heading.default\">\n\t\t\t\t<div class=\"elementor-widget-container\">\n\t\t\t<style>\/*! elementor - v3.21.0 - 26-05-2024 *\/\n.elementor-heading-title{padding:0;margin:0;line-height:1}.elementor-widget-heading .elementor-heading-title[class*=elementor-size-]>a{color:inherit;font-size:inherit;line-height:inherit}.elementor-widget-heading .elementor-heading-title.elementor-size-small{font-size:15px}.elementor-widget-heading .elementor-heading-title.elementor-size-medium{font-size:19px}.elementor-widget-heading .elementor-heading-title.elementor-size-large{font-size:29px}.elementor-widget-heading .elementor-heading-title.elementor-size-xl{font-size:39px}.elementor-widget-heading .elementor-heading-title.elementor-size-xxl{font-size:59px}<\/style><h1 class=\"elementor-heading-title elementor-size-default\">Recettes et actualit\u00e9s<\/h1>\t\t<\/div>\n\t\t\t\t<\/div>\n\t\t\t\t\t<\/div>\n\t\t<\/div>\n\t\t\t\t\t<\/div>\n\t\t<\/section>\n\t\t\t\t<section class=\"has_ae_slider elementor-section elementor-top-section elementor-element elementor-element-f6f0130 elementor-section-boxed elementor-section-height-default elementor-section-height-default ae-bg-gallery-type-default\" data-id=\"f6f0130\" data-element_type=\"section\">\n\t\t\t\t\t\t<div class=\"elementor-container elementor-column-gap-default\">\n\t\t\t\t\t<div class=\"has_ae_slider elementor-column elementor-col-100 elementor-top-column elementor-element elementor-element-9c76179 ae-bg-gallery-type-default\" data-id=\"9c76179\" data-element_type=\"column\">\n\t\t\t<div class=\"elementor-widget-wrap elementor-element-populated\">\n\t\t\t\t\t\t<div class=\"dce-dynamic-posts-collection elementor-element elementor-element-71cf521 dce-col-3 custom-blog-home-layout dce-posts-layout-default dce-col-tablet-3 dce-col-mobile-1 dce-align-left elementor-widget elementor-widget-dce-dynamicposts-v2\" data-id=\"71cf521\" data-element_type=\"widget\" data-settings=\"{&quot;infiniteScroll_enable&quot;:&quot;yes&quot;,&quot;infiniteScroll_enable_history&quot;:&quot;yes&quot;,&quot;style_items&quot;:&quot;default&quot;,&quot;grid_grid_type&quot;:&quot;flex&quot;,&quot;infiniteScroll_trigger&quot;:&quot;scroll&quot;}\" data-widget_type=\"dce-dynamicposts-v2.grid\">\n\t\t\t\t<div class=\"elementor-widget-container\">\n\t\t\t\n\t\t<div class=\"dce-posts-container is_infiniteScroll dce-posts  dce-skin-grid dce-skin-grid-flex\">\n\t\t\t\t\t\t<div class=\"dce-posts-wrapper dce-wrapper-grid\">\n\t\t\n\t\t<article class=\"dce-post dce-post-item dce-item-grid post-5126 recette type-recette status-publish has-post-thumbnail hentry category-recette\" data-dce-post-id=\"5126\" data-dce-post-index=\"0\" >\n\t\t\t<div class=\"dce-post-block\">\n\t\t<div class=\"dce-item dce-item_image elementor-repeater-item-f585764\"><a class=\"dce-post-image dce-post-bgimage\" href=\"https:\/\/www.truffe-plantin.com\/blog\/fr\/recette\/salade-de-tomates-colorees-burrata-et-truffe-dete-fraiche\/\"><figure data-image-ratio=\"\" class=\"dce-img dce-bgimage\" style=\"background-image: url(https:\/\/www.truffe-plantin.com\/blog\/wp-content\/uploads\/2025\/08\/salade-tomate-burrat-truffe-ete-819x1024.jpg); background-repeat: no-repeat; background-size: cover; display: block;\"><\/figure><\/a><\/div><div class=\"dce-item dce-item_title elementor-repeater-item-4125157\"><h3 class=\"dce-post-title\"><a href=\"https:\/\/www.truffe-plantin.com\/blog\/fr\/recette\/salade-de-tomates-colorees-burrata-et-truffe-dete-fraiche\/\">Salade de tomates color\u00e9es, burrata et truffe d\u2019\u00e9t\u00e9 fra\u00eeche<\/a><\/h3><\/div><div class=\"dce-item dce-item_readmore elementor-repeater-item-31a783d\">\t\t<div class=\"dce-post-button\">\n\t\t\t<a href=\"https:\/\/www.truffe-plantin.com\/blog\/fr\/recette\/salade-de-tomates-colorees-burrata-et-truffe-dete-fraiche\/\" class=\"elementor-button-link elementor-button dce-button elementor-size-sm\" role=\"button\" >\n\t\t\tVOIR PLUS\t\t\t<\/a>\n\t\t<\/div>\n\t\t<\/div>\t\t\t<\/div>\n\t\t<\/article>\n\t\t\n\t\t<article class=\"dce-post dce-post-item dce-item-grid post-4998 recette type-recette status-publish has-post-thumbnail hentry category-recette\" data-dce-post-id=\"4998\" data-dce-post-index=\"1\" >\n\t\t\t<div class=\"dce-post-block\">\n\t\t<div class=\"dce-item dce-item_image elementor-repeater-item-f585764\"><a class=\"dce-post-image dce-post-bgimage\" href=\"https:\/\/www.truffe-plantin.com\/blog\/fr\/recette\/salade-cesar-revisitee-a-la-truffe-dete\/\"><figure data-image-ratio=\"\" class=\"dce-img dce-bgimage\" style=\"background-image: url(https:\/\/www.truffe-plantin.com\/blog\/wp-content\/uploads\/2025\/06\/salade-cesar-revisite-truffe-d-ete-819x1024.jpg); background-repeat: no-repeat; background-size: cover; display: block;\"><\/figure><\/a><\/div><div class=\"dce-item dce-item_title elementor-repeater-item-4125157\"><h3 class=\"dce-post-title\"><a href=\"https:\/\/www.truffe-plantin.com\/blog\/fr\/recette\/salade-cesar-revisitee-a-la-truffe-dete\/\">Salade C\u00e9sar revisit\u00e9e \u00e0 la truffe d&rsquo;\u00e9t\u00e9<\/a><\/h3><\/div><div class=\"dce-item dce-item_readmore elementor-repeater-item-31a783d\">\t\t<div class=\"dce-post-button\">\n\t\t\t<a href=\"https:\/\/www.truffe-plantin.com\/blog\/fr\/recette\/salade-cesar-revisitee-a-la-truffe-dete\/\" class=\"elementor-button-link elementor-button dce-button elementor-size-sm\" role=\"button\" >\n\t\t\tVOIR PLUS\t\t\t<\/a>\n\t\t<\/div>\n\t\t<\/div>\t\t\t<\/div>\n\t\t<\/article>\n\t\t\n\t\t<article class=\"dce-post dce-post-item dce-item-grid post-5018 recette type-recette status-publish has-post-thumbnail hentry category-recette\" data-dce-post-id=\"5018\" data-dce-post-index=\"2\" >\n\t\t\t<div class=\"dce-post-block\">\n\t\t<div class=\"dce-item dce-item_image elementor-repeater-item-f585764\"><a class=\"dce-post-image dce-post-bgimage\" href=\"https:\/\/www.truffe-plantin.com\/blog\/fr\/recette\/veloute-de-petits-pois-a-la-truffe-noire-2\/\"><figure data-image-ratio=\"\" class=\"dce-img dce-bgimage\" style=\"background-image: url(https:\/\/www.truffe-plantin.com\/blog\/wp-content\/uploads\/2025\/06\/veloute-petits-pois-a-la-truffe-noire-819x1024.jpg); background-repeat: no-repeat; background-size: cover; display: block;\"><\/figure><\/a><\/div><div class=\"dce-item dce-item_title elementor-repeater-item-4125157\"><h3 class=\"dce-post-title\"><a href=\"https:\/\/www.truffe-plantin.com\/blog\/fr\/recette\/veloute-de-petits-pois-a-la-truffe-noire-2\/\">Velout\u00e9 de petits pois \u00e0 la truffe noire<\/a><\/h3><\/div><div class=\"dce-item dce-item_readmore elementor-repeater-item-31a783d\">\t\t<div class=\"dce-post-button\">\n\t\t\t<a href=\"https:\/\/www.truffe-plantin.com\/blog\/fr\/recette\/veloute-de-petits-pois-a-la-truffe-noire-2\/\" class=\"elementor-button-link elementor-button dce-button elementor-size-sm\" role=\"button\" >\n\t\t\tVOIR PLUS\t\t\t<\/a>\n\t\t<\/div>\n\t\t<\/div>\t\t\t<\/div>\n\t\t<\/article>\n\t\t\n\t\t<article class=\"dce-post dce-post-item dce-item-grid post-4982 recette type-recette status-publish has-post-thumbnail hentry category-recette\" data-dce-post-id=\"4982\" data-dce-post-index=\"3\" >\n\t\t\t<div class=\"dce-post-block\">\n\t\t<div class=\"dce-item dce-item_image elementor-repeater-item-f585764\"><a class=\"dce-post-image dce-post-bgimage\" href=\"https:\/\/www.truffe-plantin.com\/blog\/fr\/recette\/focaccia-a-la-sauce-truffe-blanche\/\"><figure data-image-ratio=\"\" class=\"dce-img dce-bgimage\" style=\"background-image: url(https:\/\/www.truffe-plantin.com\/blog\/wp-content\/uploads\/2025\/06\/PLANTIN-NOV24-PDANIEL-003D-859x1024.jpg); background-repeat: no-repeat; background-size: cover; display: block;\"><\/figure><\/a><\/div><div class=\"dce-item dce-item_title elementor-repeater-item-4125157\"><h3 class=\"dce-post-title\"><a href=\"https:\/\/www.truffe-plantin.com\/blog\/fr\/recette\/focaccia-a-la-sauce-truffe-blanche\/\">Focaccia \u00e0 la sauce truffe blanche<\/a><\/h3><\/div><div class=\"dce-item dce-item_readmore elementor-repeater-item-31a783d\">\t\t<div class=\"dce-post-button\">\n\t\t\t<a href=\"https:\/\/www.truffe-plantin.com\/blog\/fr\/recette\/focaccia-a-la-sauce-truffe-blanche\/\" class=\"elementor-button-link elementor-button dce-button elementor-size-sm\" role=\"button\" >\n\t\t\tVOIR PLUS\t\t\t<\/a>\n\t\t<\/div>\n\t\t<\/div>\t\t\t<\/div>\n\t\t<\/article>\n\t\t\n\t\t<article class=\"dce-post dce-post-item dce-item-grid post-5008 recette type-recette status-publish has-post-thumbnail hentry category-recette\" data-dce-post-id=\"5008\" data-dce-post-index=\"4\" >\n\t\t\t<div class=\"dce-post-block\">\n\t\t<div class=\"dce-item dce-item_image elementor-repeater-item-f585764\"><a class=\"dce-post-image dce-post-bgimage\" href=\"https:\/\/www.truffe-plantin.com\/blog\/fr\/recette\/tartare-de-boeuf-a-la-truffe-dete\/\"><figure data-image-ratio=\"\" class=\"dce-img dce-bgimage\" style=\"background-image: url(https:\/\/www.truffe-plantin.com\/blog\/wp-content\/uploads\/2025\/06\/PLANTIN-PDANIEL-008-682x1024.jpg); background-repeat: no-repeat; background-size: cover; display: block;\"><\/figure><\/a><\/div><div class=\"dce-item dce-item_title elementor-repeater-item-4125157\"><h3 class=\"dce-post-title\"><a href=\"https:\/\/www.truffe-plantin.com\/blog\/fr\/recette\/tartare-de-boeuf-a-la-truffe-dete\/\">Tartare de b\u0153uf \u00e0 la truffe d&rsquo;\u00e9t\u00e9<\/a><\/h3><\/div><div class=\"dce-item dce-item_readmore elementor-repeater-item-31a783d\">\t\t<div class=\"dce-post-button\">\n\t\t\t<a href=\"https:\/\/www.truffe-plantin.com\/blog\/fr\/recette\/tartare-de-boeuf-a-la-truffe-dete\/\" class=\"elementor-button-link elementor-button dce-button elementor-size-sm\" role=\"button\" >\n\t\t\tVOIR PLUS\t\t\t<\/a>\n\t\t<\/div>\n\t\t<\/div>\t\t\t<\/div>\n\t\t<\/article>\n\t\t\n\t\t<article class=\"dce-post dce-post-item dce-item-grid post-4975 recette type-recette status-publish has-post-thumbnail hentry category-recette\" data-dce-post-id=\"4975\" data-dce-post-index=\"5\" >\n\t\t\t<div class=\"dce-post-block\">\n\t\t<div class=\"dce-item dce-item_image elementor-repeater-item-f585764\"><a class=\"dce-post-image dce-post-bgimage\" href=\"https:\/\/www.truffe-plantin.com\/blog\/fr\/recette\/ceviche-de-poisson-a-la-truffe-noire\/\"><figure data-image-ratio=\"\" class=\"dce-img dce-bgimage\" style=\"background-image: url(https:\/\/www.truffe-plantin.com\/blog\/wp-content\/uploads\/2025\/06\/ceviche-poisson-blanc-a-la-truffe-noire-683x1024.webp); background-repeat: no-repeat; background-size: cover; display: block;\"><\/figure><\/a><\/div><div class=\"dce-item dce-item_title elementor-repeater-item-4125157\"><h3 class=\"dce-post-title\"><a href=\"https:\/\/www.truffe-plantin.com\/blog\/fr\/recette\/ceviche-de-poisson-a-la-truffe-noire\/\">Ceviche de poisson \u00e0 la truffe noire<\/a><\/h3><\/div><div class=\"dce-item dce-item_readmore elementor-repeater-item-31a783d\">\t\t<div class=\"dce-post-button\">\n\t\t\t<a href=\"https:\/\/www.truffe-plantin.com\/blog\/fr\/recette\/ceviche-de-poisson-a-la-truffe-noire\/\" class=\"elementor-button-link elementor-button dce-button elementor-size-sm\" role=\"button\" >\n\t\t\tVOIR PLUS\t\t\t<\/a>\n\t\t<\/div>\n\t\t<\/div>\t\t\t<\/div>\n\t\t<\/article>\n\t\t\t\t\t<\/div>\n\t\t\t\t\t<\/div>\n\t\t\t\t\t\t<nav class=\"infiniteScroll\">\n\t\t\t\t\t<div class=\"page-load-status\">\n\n\t\t\t\t\t\t\t\t\t\t\t\t\t<div class=\"loader-ellips infinite-scroll-request\">\n\t\t\t\t\t\t\t\t<span class=\"loader-ellips__dot\"><\/span>\n\t\t\t\t\t\t\t\t<span class=\"loader-ellips__dot\"><\/span>\n\t\t\t\t\t\t\t\t<span class=\"loader-ellips__dot\"><\/span>\n\t\t\t\t\t\t\t\t<span class=\"loader-ellips__dot\"><\/span>\n\t\t\t\t\t\t\t<\/div>\n\t\t\t\t\t\t\t\t\t\t\t\t\t<div class=\"infinite-scroll-last status-text\"><\/div>\n\t\t\t\t\t\t<div class=\"infinite-scroll-error status-text\"><\/div>\n\n\t\t\t\t\t\t<div class=\"pagination\" role=\"navigation\">\n\t\t\t\t\t\t\t\t\t\t\t\t\t\t<a class=\"pagination__next\" href=\"https:\/\/www.truffe-plantin.com\/blog\/fr\/wp-json\/wp\/v2\/pages\/747\/page\/2\/\"><\/a>\n\t\t\t\t\t\t\t\t\t\t\t\t\t<\/div>\n\t\t\t\t\t<\/div>\n\n\n\t\t\t\t<\/nav>\n\t\t\t\t\t\t<\/div>\n\t\t\t\t<\/div>\n\t\t\t\t\t<\/div>\n\t\t<\/div>\n\t\t\t\t\t<\/div>\n\t\t<\/section>\n\t\t\t\t<\/div>\n\t\t","protected":false},"excerpt":{"rendered":"<p>Recettes et actualit\u00e9s Agenda de l&rsquo;\u00e9t\u00e9 2022 &#8211; Programme de la Boutique de la Fabrique PLANTIN VOIR PLUS R\u00f4ti d&rsquo;agneau \u00e0 la truffe, sauce P\u00e9rigueux VOIR PLUS \u0152uf cocotte \u00e0 la truffe noire VOIR PLUS Risotto aux girolles et \u00e0 la truffe d&rsquo;automne VOIR PLUS Tartines au ch\u00e8vre, figues r\u00f4ties au miel et truffe d&rsquo;automne [&hellip;]<\/p>\n","protected":false},"author":1,"featured_media":0,"parent":0,"menu_order":0,"comment_status":"closed","ping_status":"closed","template":"elementor_header_footer","meta":{"_acf_changed":false,"footnotes":""},"class_list":["post-747","page","type-page","status-publish","hentry"],"acf":[],"yoast_head":"<!-- This site is optimized with the Yoast SEO plugin v22.8 - https:\/\/yoast.com\/wordpress\/plugins\/seo\/ -->\n<title>Accueil du blog - Magazine Plantin<\/title>\n<meta name=\"robots\" content=\"index, follow, max-snippet:-1, max-image-preview:large, max-video-preview:-1\" \/>\n<link rel=\"canonical\" href=\"https:\/\/www.truffe-plantin.com\/blog\/fr\/\" \/>\n<meta property=\"og:locale\" content=\"fr_FR\" \/>\n<meta property=\"og:type\" content=\"article\" \/>\n<meta property=\"og:title\" content=\"Accueil du blog - Magazine Plantin\" \/>\n<meta property=\"og:description\" content=\"Recettes et actualit\u00e9s Agenda de l&rsquo;\u00e9t\u00e9 2022 &#8211; Programme de la Boutique de la Fabrique PLANTIN VOIR PLUS R\u00f4ti d&rsquo;agneau \u00e0 la truffe, sauce P\u00e9rigueux VOIR PLUS \u0152uf cocotte \u00e0 la truffe noire VOIR PLUS Risotto aux girolles et \u00e0 la truffe d&rsquo;automne VOIR PLUS Tartines au ch\u00e8vre, figues r\u00f4ties au miel et truffe d&rsquo;automne [&hellip;]\" \/>\n<meta property=\"og:url\" content=\"https:\/\/www.truffe-plantin.com\/blog\/fr\/\" \/>\n<meta property=\"og:site_name\" content=\"Magazine Plantin\" \/>\n<meta property=\"article:modified_time\" content=\"2022-05-16T10:29:47+00:00\" \/>\n<meta name=\"twitter:card\" content=\"summary_large_image\" \/>\n<meta name=\"twitter:label1\" content=\"Dur\u00e9e de lecture estim\u00e9e\" \/>\n\t<meta name=\"twitter:data1\" content=\"1 minute\" \/>\n<script type=\"application\/ld+json\" class=\"yoast-schema-graph\">{\"@context\":\"https:\/\/schema.org\",\"@graph\":[{\"@type\":\"WebPage\",\"@id\":\"https:\/\/www.truffe-plantin.com\/blog\/fr\/\",\"url\":\"https:\/\/www.truffe-plantin.com\/blog\/fr\/\",\"name\":\"Accueil du blog - Magazine Plantin\",\"isPartOf\":{\"@id\":\"https:\/\/www.truffe-plantin.com\/blog\/fr\/#website\"},\"datePublished\":\"2021-10-01T15:56:35+00:00\",\"dateModified\":\"2022-05-16T10:29:47+00:00\",\"breadcrumb\":{\"@id\":\"https:\/\/www.truffe-plantin.com\/blog\/fr\/#breadcrumb\"},\"inLanguage\":\"fr-FR\",\"potentialAction\":[{\"@type\":\"ReadAction\",\"target\":[\"https:\/\/www.truffe-plantin.com\/blog\/fr\/\"]}]},{\"@type\":\"BreadcrumbList\",\"@id\":\"https:\/\/www.truffe-plantin.com\/blog\/fr\/#breadcrumb\",\"itemListElement\":[{\"@type\":\"ListItem\",\"position\":1,\"name\":\"Accueil\",\"item\":\"https:\/\/www.truffe-plantin.com\/blog\/fr\/\"},{\"@type\":\"ListItem\",\"position\":2,\"name\":\"Accueil du blog\"}]},{\"@type\":\"WebSite\",\"@id\":\"https:\/\/www.truffe-plantin.com\/blog\/fr\/#website\",\"url\":\"https:\/\/www.truffe-plantin.com\/blog\/fr\/\",\"name\":\"Magazine Plantin\",\"description\":\"Les id\u00e9es de recettes \u00e0 la truffe  et actualit\u00e9s sign\u00e9es PLANTIN\",\"publisher\":{\"@id\":\"https:\/\/www.truffe-plantin.com\/blog\/fr\/#organization\"},\"potentialAction\":[{\"@type\":\"SearchAction\",\"target\":{\"@type\":\"EntryPoint\",\"urlTemplate\":\"https:\/\/www.truffe-plantin.com\/blog\/fr\/?s={search_term_string}\"},\"query-input\":\"required name=search_term_string\"}],\"inLanguage\":\"fr-FR\"},{\"@type\":\"Organization\",\"@id\":\"https:\/\/www.truffe-plantin.com\/blog\/fr\/#organization\",\"name\":\"Magazine Plantin\",\"url\":\"https:\/\/www.truffe-plantin.com\/blog\/fr\/\",\"logo\":{\"@type\":\"ImageObject\",\"inLanguage\":\"fr-FR\",\"@id\":\"https:\/\/www.truffe-plantin.com\/blog\/fr\/#\/schema\/logo\/image\/\",\"url\":\"https:\/\/www.truffe-plantin.com\/blog\/wp-content\/uploads\/2021\/09\/logo-plantin-hires-1.png\",\"contentUrl\":\"https:\/\/www.truffe-plantin.com\/blog\/wp-content\/uploads\/2021\/09\/logo-plantin-hires-1.png\",\"width\":400,\"height\":295,\"caption\":\"Magazine Plantin\"},\"image\":{\"@id\":\"https:\/\/www.truffe-plantin.com\/blog\/fr\/#\/schema\/logo\/image\/\"}}]}<\/script>\n<!-- \/ Yoast SEO plugin. -->","yoast_head_json":{"title":"Accueil du blog - Magazine Plantin","robots":{"index":"index","follow":"follow","max-snippet":"max-snippet:-1","max-image-preview":"max-image-preview:large","max-video-preview":"max-video-preview:-1"},"canonical":"https:\/\/www.truffe-plantin.com\/blog\/fr\/","og_locale":"fr_FR","og_type":"article","og_title":"Accueil du blog - Magazine Plantin","og_description":"Recettes et actualit\u00e9s Agenda de l&rsquo;\u00e9t\u00e9 2022 &#8211; Programme de la Boutique de la Fabrique PLANTIN VOIR PLUS R\u00f4ti d&rsquo;agneau \u00e0 la truffe, sauce P\u00e9rigueux VOIR PLUS \u0152uf cocotte \u00e0 la truffe noire VOIR PLUS Risotto aux girolles et \u00e0 la truffe d&rsquo;automne VOIR PLUS Tartines au ch\u00e8vre, figues r\u00f4ties au miel et truffe d&rsquo;automne [&hellip;]","og_url":"https:\/\/www.truffe-plantin.com\/blog\/fr\/","og_site_name":"Magazine Plantin","article_modified_time":"2022-05-16T10:29:47+00:00","twitter_card":"summary_large_image","twitter_misc":{"Dur\u00e9e de lecture estim\u00e9e":"1 minute"},"schema":{"@context":"https:\/\/schema.org","@graph":[{"@type":"WebPage","@id":"https:\/\/www.truffe-plantin.com\/blog\/fr\/","url":"https:\/\/www.truffe-plantin.com\/blog\/fr\/","name":"Accueil du blog - Magazine Plantin","isPartOf":{"@id":"https:\/\/www.truffe-plantin.com\/blog\/fr\/#website"},"datePublished":"2021-10-01T15:56:35+00:00","dateModified":"2022-05-16T10:29:47+00:00","breadcrumb":{"@id":"https:\/\/www.truffe-plantin.com\/blog\/fr\/#breadcrumb"},"inLanguage":"fr-FR","potentialAction":[{"@type":"ReadAction","target":["https:\/\/www.truffe-plantin.com\/blog\/fr\/"]}]},{"@type":"BreadcrumbList","@id":"https:\/\/www.truffe-plantin.com\/blog\/fr\/#breadcrumb","itemListElement":[{"@type":"ListItem","position":1,"name":"Accueil","item":"https:\/\/www.truffe-plantin.com\/blog\/fr\/"},{"@type":"ListItem","position":2,"name":"Accueil du blog"}]},{"@type":"WebSite","@id":"https:\/\/www.truffe-plantin.com\/blog\/fr\/#website","url":"https:\/\/www.truffe-plantin.com\/blog\/fr\/","name":"Magazine Plantin","description":"Les id\u00e9es de recettes \u00e0 la truffe  et actualit\u00e9s sign\u00e9es PLANTIN","publisher":{"@id":"https:\/\/www.truffe-plantin.com\/blog\/fr\/#organization"},"potentialAction":[{"@type":"SearchAction","target":{"@type":"EntryPoint","urlTemplate":"https:\/\/www.truffe-plantin.com\/blog\/fr\/?s={search_term_string}"},"query-input":"required name=search_term_string"}],"inLanguage":"fr-FR"},{"@type":"Organization","@id":"https:\/\/www.truffe-plantin.com\/blog\/fr\/#organization","name":"Magazine Plantin","url":"https:\/\/www.truffe-plantin.com\/blog\/fr\/","logo":{"@type":"ImageObject","inLanguage":"fr-FR","@id":"https:\/\/www.truffe-plantin.com\/blog\/fr\/#\/schema\/logo\/image\/","url":"https:\/\/www.truffe-plantin.com\/blog\/wp-content\/uploads\/2021\/09\/logo-plantin-hires-1.png","contentUrl":"https:\/\/www.truffe-plantin.com\/blog\/wp-content\/uploads\/2021\/09\/logo-plantin-hires-1.png","width":400,"height":295,"caption":"Magazine Plantin"},"image":{"@id":"https:\/\/www.truffe-plantin.com\/blog\/fr\/#\/schema\/logo\/image\/"}}]}},"_links":{"self":[{"href":"https:\/\/www.truffe-plantin.com\/blog\/fr\/wp-json\/wp\/v2\/pages\/747","targetHints":{"allow":["GET"]}}],"collection":[{"href":"https:\/\/www.truffe-plantin.com\/blog\/fr\/wp-json\/wp\/v2\/pages"}],"about":[{"href":"https:\/\/www.truffe-plantin.com\/blog\/fr\/wp-json\/wp\/v2\/types\/page"}],"author":[{"embeddable":true,"href":"https:\/\/www.truffe-plantin.com\/blog\/fr\/wp-json\/wp\/v2\/users\/1"}],"replies":[{"embeddable":true,"href":"https:\/\/www.truffe-plantin.com\/blog\/fr\/wp-json\/wp\/v2\/comments?post=747"}],"version-history":[{"count":8,"href":"https:\/\/www.truffe-plantin.com\/blog\/fr\/wp-json\/wp\/v2\/pages\/747\/revisions"}],"predecessor-version":[{"id":3002,"href":"https:\/\/www.truffe-plantin.com\/blog\/fr\/wp-json\/wp\/v2\/pages\/747\/revisions\/3002"}],"wp:attachment":[{"href":"https:\/\/www.truffe-plantin.com\/blog\/fr\/wp-json\/wp\/v2\/media?parent=747"}],"curies":[{"name":"wp","href":"https:\/\/api.w.org\/{rel}","templated":true}]}}