{"id":2291,"date":"2021-12-20T19:19:47","date_gmt":"2021-12-20T18:19:47","guid":{"rendered":"https:\/\/truffe-plantin.com.yadle.net\/blog\/home\/"},"modified":"2022-01-13T16:05:38","modified_gmt":"2022-01-13T15:05:38","slug":"home","status":"publish","type":"page","link":"https:\/\/www.truffe-plantin.com\/blog\/it\/","title":{"rendered":"Home"},"content":{"rendered":"\t\t<div data-elementor-type=\"wp-page\" data-elementor-id=\"2291\" data-post-id=\"2277\" data-obj-id=\"2277\" class=\"elementor elementor-2291 dce-elementor-post-2277\" data-elementor-post-type=\"page\">\n\t\t\t\t\t\t<section class=\"has_ae_slider elementor-section elementor-top-section elementor-element elementor-element-79674e7 elementor-section-full_width elementor-section-stretched elementor-section-height-default elementor-section-height-default ae-bg-gallery-type-default\" data-dce-background-overlay-color=\"#000000\" data-dce-background-image-url=\"https:\/\/www.truffe-plantin.com\/blog\/wp-content\/uploads\/2022\/01\/bandeau-plantin-compressed.jpg\" data-id=\"79674e7\" data-element_type=\"section\" data-settings=\"{&quot;stretch_section&quot;:&quot;section-stretched&quot;,&quot;background_background&quot;:&quot;classic&quot;}\">\n\t\t\t\t\t\t\t<div class=\"elementor-background-overlay\"><\/div>\n\t\t\t\t\t\t\t<div class=\"elementor-container elementor-column-gap-default\">\n\t\t\t\t\t<div class=\"has_ae_slider elementor-column elementor-col-100 elementor-top-column elementor-element elementor-element-b224568 ae-bg-gallery-type-default\" data-id=\"b224568\" data-element_type=\"column\">\n\t\t\t<div class=\"elementor-widget-wrap elementor-element-populated\">\n\t\t\t\t\t\t<div class=\"elementor-element elementor-element-6974134 elementor-widget elementor-widget-heading\" data-id=\"6974134\" data-element_type=\"widget\" data-widget_type=\"heading.default\">\n\t\t\t\t<div class=\"elementor-widget-container\">\n\t\t\t<style>\/*! elementor - v3.21.0 - 26-05-2024 *\/\n.elementor-heading-title{padding:0;margin:0;line-height:1}.elementor-widget-heading .elementor-heading-title[class*=elementor-size-]>a{color:inherit;font-size:inherit;line-height:inherit}.elementor-widget-heading .elementor-heading-title.elementor-size-small{font-size:15px}.elementor-widget-heading .elementor-heading-title.elementor-size-medium{font-size:19px}.elementor-widget-heading .elementor-heading-title.elementor-size-large{font-size:29px}.elementor-widget-heading .elementor-heading-title.elementor-size-xl{font-size:39px}.elementor-widget-heading .elementor-heading-title.elementor-size-xxl{font-size:59px}<\/style><h1 class=\"elementor-heading-title elementor-size-default\">Ricette e Notizia<\/h1>\t\t<\/div>\n\t\t\t\t<\/div>\n\t\t\t\t\t<\/div>\n\t\t<\/div>\n\t\t\t\t\t<\/div>\n\t\t<\/section>\n\t\t\t\t<section class=\"has_ae_slider elementor-section elementor-top-section elementor-element elementor-element-f6f0130 elementor-section-boxed elementor-section-height-default elementor-section-height-default ae-bg-gallery-type-default\" data-id=\"f6f0130\" data-element_type=\"section\">\n\t\t\t\t\t\t<div class=\"elementor-container elementor-column-gap-default\">\n\t\t\t\t\t<div class=\"has_ae_slider elementor-column elementor-col-100 elementor-top-column elementor-element elementor-element-9c76179 ae-bg-gallery-type-default\" data-id=\"9c76179\" data-element_type=\"column\">\n\t\t\t<div class=\"elementor-widget-wrap elementor-element-populated\">\n\t\t\t\t\t\t<div class=\"dce-dynamic-posts-collection elementor-element elementor-element-5e38c7a dce-col-3 custom-blog-home-layout dce-posts-layout-default dce-col-tablet-3 dce-col-mobile-1 dce-align-left elementor-widget elementor-widget-dce-dynamicposts-v2\" data-id=\"5e38c7a\" data-element_type=\"widget\" data-settings=\"{&quot;infiniteScroll_enable&quot;:&quot;yes&quot;,&quot;infiniteScroll_enable_history&quot;:&quot;yes&quot;,&quot;style_items&quot;:&quot;default&quot;,&quot;grid_grid_type&quot;:&quot;flex&quot;,&quot;infiniteScroll_trigger&quot;:&quot;scroll&quot;}\" data-widget_type=\"dce-dynamicposts-v2.grid\">\n\t\t\t\t<div class=\"elementor-widget-container\">\n\t\t\t\n\t\t<div class=\"dce-posts-container is_infiniteScroll dce-posts  dce-skin-grid dce-skin-grid-flex\">\n\t\t\t\t\t\t<div class=\"dce-posts-wrapper dce-wrapper-grid\">\n\t\t\n\t\t<article class=\"dce-post dce-post-item dce-item-grid post-2419 recette type-recette status-publish has-post-thumbnail hentry category-recette category-ricetta tag-altro-piatto tag-autre-plat tag-idee-per-cucinare tag-idees-a-cuisiner\" data-dce-post-id=\"2419\" data-dce-post-index=\"0\" >\n\t\t\t<div class=\"dce-post-block\">\n\t\t<div class=\"dce-item dce-item_image elementor-repeater-item-f585764\"><a class=\"dce-post-image dce-post-bgimage\" href=\"https:\/\/www.truffe-plantin.com\/blog\/it\/recette\/capesante-e-tartufo-nero\/\"><figure data-image-ratio=\"\" class=\"dce-img dce-bgimage\" style=\"background-image: url(https:\/\/www.truffe-plantin.com\/blog\/wp-content\/uploads\/2021\/09\/noix_saint_jacques_truffe_noire-1-1024x682.jpg); background-repeat: no-repeat; background-size: cover; display: block;\"><\/figure><\/a><\/div><div class=\"dce-item dce-item_title elementor-repeater-item-4125157\"><h3 class=\"dce-post-title\"><a href=\"https:\/\/www.truffe-plantin.com\/blog\/it\/recette\/capesante-e-tartufo-nero\/\">Capesante e tartufo nero<\/a><\/h3><\/div><div class=\"dce-item dce-item_readmore elementor-repeater-item-31a783d\">\t\t<div class=\"dce-post-button\">\n\t\t\t<a href=\"https:\/\/www.truffe-plantin.com\/blog\/it\/recette\/capesante-e-tartufo-nero\/\" class=\"elementor-button-link elementor-button dce-button elementor-size-sm\" role=\"button\" >\n\t\t\tVEDI ALTRO\t\t\t<\/a>\n\t\t<\/div>\n\t\t<\/div>\t\t\t<\/div>\n\t\t<\/article>\n\t\t\n\t\t<article class=\"dce-post dce-post-item dce-item-grid post-2417 recette type-recette status-publish has-post-thumbnail hentry category-ricetta tag-altro-piatto tag-idee-per-cucinare\" data-dce-post-id=\"2417\" data-dce-post-index=\"1\" >\n\t\t\t<div class=\"dce-post-block\">\n\t\t<div class=\"dce-item dce-item_image elementor-repeater-item-f585764\"><a class=\"dce-post-image dce-post-bgimage\" href=\"https:\/\/www.truffe-plantin.com\/blog\/it\/recette\/tronchetto-leggero-alla-vaniglia-con-cuore-di-crema-spalmabile-al-tartufo\/\"><figure data-image-ratio=\"\" class=\"dce-img dce-bgimage\" style=\"background-image: url(https:\/\/www.truffe-plantin.com\/blog\/wp-content\/uploads\/2021\/09\/Buche-de-Noel-truffe-1024x683.jpg); background-repeat: no-repeat; background-size: cover; display: block;\"><\/figure><\/a><\/div><div class=\"dce-item dce-item_title elementor-repeater-item-4125157\"><h3 class=\"dce-post-title\"><a href=\"https:\/\/www.truffe-plantin.com\/blog\/it\/recette\/tronchetto-leggero-alla-vaniglia-con-cuore-di-crema-spalmabile-al-tartufo\/\">Tronchetto leggero alla vaniglia con cuore di crema spalmabile al tartufo<\/a><\/h3><\/div><div class=\"dce-item dce-item_readmore elementor-repeater-item-31a783d\">\t\t<div class=\"dce-post-button\">\n\t\t\t<a href=\"https:\/\/www.truffe-plantin.com\/blog\/it\/recette\/tronchetto-leggero-alla-vaniglia-con-cuore-di-crema-spalmabile-al-tartufo\/\" class=\"elementor-button-link elementor-button dce-button elementor-size-sm\" role=\"button\" >\n\t\t\tVEDI ALTRO\t\t\t<\/a>\n\t\t<\/div>\n\t\t<\/div>\t\t\t<\/div>\n\t\t<\/article>\n\t\t\n\t\t<article class=\"dce-post dce-post-item dce-item-grid post-2366 recette type-recette status-publish has-post-thumbnail hentry category-recette category-ricetta tag-altro-piatto tag-autre-plat tag-idee-per-cucinare tag-idees-a-cuisiner\" data-dce-post-id=\"2366\" data-dce-post-index=\"2\" >\n\t\t\t<div class=\"dce-post-block\">\n\t\t<div class=\"dce-item dce-item_image elementor-repeater-item-f585764\"><a class=\"dce-post-image dce-post-bgimage\" href=\"https:\/\/www.truffe-plantin.com\/blog\/it\/recette\/vellutata-di-funghi-al-tartufo-nero\/\"><figure data-image-ratio=\"\" class=\"dce-img dce-bgimage\" style=\"background-image: url(https:\/\/www.truffe-plantin.com\/blog\/wp-content\/uploads\/2021\/09\/veloute-tout-champignons-truffe-noire-916x1024.jpg); background-repeat: no-repeat; background-size: cover; display: block;\"><\/figure><\/a><\/div><div class=\"dce-item dce-item_title elementor-repeater-item-4125157\"><h3 class=\"dce-post-title\"><a href=\"https:\/\/www.truffe-plantin.com\/blog\/it\/recette\/vellutata-di-funghi-al-tartufo-nero\/\">Vellutata di funghi al tartufo nero<\/a><\/h3><\/div><div class=\"dce-item dce-item_readmore elementor-repeater-item-31a783d\">\t\t<div class=\"dce-post-button\">\n\t\t\t<a href=\"https:\/\/www.truffe-plantin.com\/blog\/it\/recette\/vellutata-di-funghi-al-tartufo-nero\/\" class=\"elementor-button-link elementor-button dce-button elementor-size-sm\" role=\"button\" >\n\t\t\tVEDI ALTRO\t\t\t<\/a>\n\t\t<\/div>\n\t\t<\/div>\t\t\t<\/div>\n\t\t<\/article>\n\t\t\n\t\t<article class=\"dce-post dce-post-item dce-item-grid post-2363 recette type-recette status-publish has-post-thumbnail hentry category-recette category-ricetta tag-altro-piatto tag-autre-plat tag-idee-per-cucinare tag-idees-a-cuisiner\" data-dce-post-id=\"2363\" data-dce-post-index=\"3\" >\n\t\t\t<div class=\"dce-post-block\">\n\t\t<div class=\"dce-item dce-item_image elementor-repeater-item-f585764\"><a class=\"dce-post-image dce-post-bgimage\" href=\"https:\/\/www.truffe-plantin.com\/blog\/it\/recette\/carciofo-allo-zafferano-e-tartufo-bianco-di-alba-royale-di-foie-gras-salvia-e-lardo-di-colonnata\/\"><figure data-image-ratio=\"\" class=\"dce-img dce-bgimage\" style=\"background-image: url(https:\/\/www.truffe-plantin.com\/blog\/wp-content\/uploads\/2021\/09\/artichaut_truffe_blanche_alba-1024x683.jpg); background-repeat: no-repeat; background-size: cover; display: block;\"><\/figure><\/a><\/div><div class=\"dce-item dce-item_title elementor-repeater-item-4125157\"><h3 class=\"dce-post-title\"><a href=\"https:\/\/www.truffe-plantin.com\/blog\/it\/recette\/carciofo-allo-zafferano-e-tartufo-bianco-di-alba-royale-di-foie-gras-salvia-e-lardo-di-colonnata\/\">Carciofo allo zafferano e tartufo bianco di Alba, royale di foie gras, salvia e lardo di Colonnata<\/a><\/h3><\/div><div class=\"dce-item dce-item_readmore elementor-repeater-item-31a783d\">\t\t<div class=\"dce-post-button\">\n\t\t\t<a href=\"https:\/\/www.truffe-plantin.com\/blog\/it\/recette\/carciofo-allo-zafferano-e-tartufo-bianco-di-alba-royale-di-foie-gras-salvia-e-lardo-di-colonnata\/\" class=\"elementor-button-link elementor-button dce-button elementor-size-sm\" role=\"button\" >\n\t\t\tVEDI ALTRO\t\t\t<\/a>\n\t\t<\/div>\n\t\t<\/div>\t\t\t<\/div>\n\t\t<\/article>\n\t\t\n\t\t<article class=\"dce-post dce-post-item dce-item-grid post-2281 recette type-recette status-publish has-post-thumbnail hentry category-recette category-ricetta tag-altro-piatto tag-autre-plat tag-idee-per-cucinare tag-idees-a-cuisiner\" data-dce-post-id=\"2281\" data-dce-post-index=\"4\" >\n\t\t\t<div class=\"dce-post-block\">\n\t\t<div class=\"dce-item dce-item_image elementor-repeater-item-f585764\"><a class=\"dce-post-image dce-post-bgimage\" href=\"https:\/\/www.truffe-plantin.com\/blog\/it\/recette\/gratin-dauphinois-alla-crema-di-comte-dop-e-al-tartufo-nero\/\"><figure data-image-ratio=\"\" class=\"dce-img dce-bgimage\" style=\"background-image: url(https:\/\/www.truffe-plantin.com\/blog\/wp-content\/uploads\/2021\/09\/gratin_dauphinois_truffe_noire-1024x678.jpg); background-repeat: no-repeat; background-size: cover; display: block;\"><\/figure><\/a><\/div><div class=\"dce-item dce-item_title elementor-repeater-item-4125157\"><h3 class=\"dce-post-title\"><a href=\"https:\/\/www.truffe-plantin.com\/blog\/it\/recette\/gratin-dauphinois-alla-crema-di-comte-dop-e-al-tartufo-nero\/\">Gratin dauphinois alla crema di Comt\u00e9 DOP e al tartufo nero<\/a><\/h3><\/div><div class=\"dce-item dce-item_readmore elementor-repeater-item-31a783d\">\t\t<div class=\"dce-post-button\">\n\t\t\t<a href=\"https:\/\/www.truffe-plantin.com\/blog\/it\/recette\/gratin-dauphinois-alla-crema-di-comte-dop-e-al-tartufo-nero\/\" class=\"elementor-button-link elementor-button dce-button elementor-size-sm\" role=\"button\" >\n\t\t\tVEDI ALTRO\t\t\t<\/a>\n\t\t<\/div>\n\t\t<\/div>\t\t\t<\/div>\n\t\t<\/article>\n\t\t\n\t\t<article class=\"dce-post dce-post-item dce-item-grid post-2277 recette type-recette status-publish has-post-thumbnail hentry category-recette category-ricetta tag-altro-piatto tag-autre-plat tag-idee-per-cucinare tag-idees-a-cuisiner\" data-dce-post-id=\"2277\" data-dce-post-index=\"5\" >\n\t\t\t<div class=\"dce-post-block\">\n\t\t<div class=\"dce-item dce-item_image elementor-repeater-item-f585764\"><a class=\"dce-post-image dce-post-bgimage\" href=\"https:\/\/www.truffe-plantin.com\/blog\/it\/recette\/brie-al-tartufo-nero\/\"><figure data-image-ratio=\"\" class=\"dce-img dce-bgimage\" style=\"background-image: url(https:\/\/www.truffe-plantin.com\/blog\/wp-content\/uploads\/2021\/09\/brie_truffe_noire-1024x683.jpg); background-repeat: no-repeat; background-size: cover; display: block;\"><\/figure><\/a><\/div><div class=\"dce-item dce-item_title elementor-repeater-item-4125157\"><h3 class=\"dce-post-title\"><a href=\"https:\/\/www.truffe-plantin.com\/blog\/it\/recette\/brie-al-tartufo-nero\/\">Brie al tartufo nero<\/a><\/h3><\/div><div class=\"dce-item dce-item_readmore elementor-repeater-item-31a783d\">\t\t<div class=\"dce-post-button\">\n\t\t\t<a href=\"https:\/\/www.truffe-plantin.com\/blog\/it\/recette\/brie-al-tartufo-nero\/\" class=\"elementor-button-link elementor-button dce-button elementor-size-sm\" role=\"button\" >\n\t\t\tVEDI ALTRO\t\t\t<\/a>\n\t\t<\/div>\n\t\t<\/div>\t\t\t<\/div>\n\t\t<\/article>\n\t\t\t\t\t<\/div>\n\t\t\t\t\t<\/div>\n\t\t\t\t\t\t<nav class=\"infiniteScroll\">\n\t\t\t\t\t<div class=\"page-load-status\">\n\n\t\t\t\t\t\t\t\t\t\t\t\t\t<div class=\"loader-ellips infinite-scroll-request\">\n\t\t\t\t\t\t\t\t<span class=\"loader-ellips__dot\"><\/span>\n\t\t\t\t\t\t\t\t<span class=\"loader-ellips__dot\"><\/span>\n\t\t\t\t\t\t\t\t<span class=\"loader-ellips__dot\"><\/span>\n\t\t\t\t\t\t\t\t<span class=\"loader-ellips__dot\"><\/span>\n\t\t\t\t\t\t\t<\/div>\n\t\t\t\t\t\t\t\t\t\t\t\t\t<div class=\"infinite-scroll-last status-text\"><\/div>\n\t\t\t\t\t\t<div class=\"infinite-scroll-error status-text\"><\/div>\n\n\t\t\t\t\t\t<div class=\"pagination\" role=\"navigation\">\n\t\t\t\t\t\t\t\t\t\t\t\t\t\t<a class=\"pagination__next\" href=\"https:\/\/www.truffe-plantin.com\/blog\/it\/wp-json\/wp\/v2\/pages\/2291\/page\/2\/\"><\/a>\n\t\t\t\t\t\t\t\t\t\t\t\t\t<\/div>\n\t\t\t\t\t<\/div>\n\n\n\t\t\t\t<\/nav>\n\t\t\t\t\t\t<\/div>\n\t\t\t\t<\/div>\n\t\t\t\t\t<\/div>\n\t\t<\/div>\n\t\t\t\t\t<\/div>\n\t\t<\/section>\n\t\t\t\t<\/div>\n\t\t","protected":false},"excerpt":{"rendered":"<p>Ricette e Notizia Risotto aux girolles et \u00e0 la truffe d&rsquo;automne VEDI ALTRO Tartines au ch\u00e8vre, figues r\u00f4ties au miel et truffe d&rsquo;automne VEDI ALTRO \u0152uf \u00e0 la coque \u00e0 la truffe noire VEDI ALTRO Truffes au chocolat et \u00e0 la p\u00e2te \u00e0 tartiner \u00e0 la truffe VEDI ALTRO G\u00e2teau de P\u00e2ques au chocolat \u00e0 [&hellip;]<\/p>\n","protected":false},"author":1,"featured_media":0,"parent":0,"menu_order":0,"comment_status":"closed","ping_status":"closed","template":"elementor_header_footer","meta":{"_acf_changed":false,"footnotes":""},"class_list":["post-2291","page","type-page","status-publish","hentry"],"acf":[],"yoast_head":"<!-- This site is optimized with the Yoast SEO plugin v22.8 - https:\/\/yoast.com\/wordpress\/plugins\/seo\/ -->\n<title>Home - Magazine Plantin<\/title>\n<meta name=\"robots\" content=\"index, follow, max-snippet:-1, max-image-preview:large, max-video-preview:-1\" \/>\n<link rel=\"canonical\" href=\"https:\/\/www.truffe-plantin.com\/blog\/it\/\" \/>\n<meta property=\"og:locale\" content=\"it_IT\" \/>\n<meta property=\"og:type\" content=\"article\" \/>\n<meta property=\"og:title\" content=\"Home - Magazine Plantin\" \/>\n<meta property=\"og:description\" content=\"Ricette e Notizia Risotto aux girolles et \u00e0 la truffe d&rsquo;automne VEDI ALTRO Tartines au ch\u00e8vre, figues r\u00f4ties au miel et truffe d&rsquo;automne VEDI ALTRO \u0152uf \u00e0 la coque \u00e0 la truffe noire VEDI ALTRO Truffes au chocolat et \u00e0 la p\u00e2te \u00e0 tartiner \u00e0 la truffe VEDI ALTRO G\u00e2teau de P\u00e2ques au chocolat \u00e0 [&hellip;]\" \/>\n<meta property=\"og:url\" content=\"https:\/\/www.truffe-plantin.com\/blog\/it\/\" \/>\n<meta property=\"og:site_name\" content=\"Magazine Plantin\" \/>\n<meta property=\"article:modified_time\" content=\"2022-01-13T15:05:38+00:00\" \/>\n<meta name=\"twitter:card\" content=\"summary_large_image\" \/>\n<meta name=\"twitter:label1\" content=\"Tempo di lettura stimato\" \/>\n\t<meta name=\"twitter:data1\" content=\"1 minuto\" \/>\n<script type=\"application\/ld+json\" class=\"yoast-schema-graph\">{\"@context\":\"https:\/\/schema.org\",\"@graph\":[{\"@type\":\"WebPage\",\"@id\":\"https:\/\/www.truffe-plantin.com\/blog\/it\/\",\"url\":\"https:\/\/www.truffe-plantin.com\/blog\/it\/\",\"name\":\"Home - Magazine Plantin\",\"isPartOf\":{\"@id\":\"https:\/\/www.truffe-plantin.com\/blog\/it\/#website\"},\"datePublished\":\"2021-12-20T18:19:47+00:00\",\"dateModified\":\"2022-01-13T15:05:38+00:00\",\"breadcrumb\":{\"@id\":\"https:\/\/www.truffe-plantin.com\/blog\/it\/#breadcrumb\"},\"inLanguage\":\"it-IT\",\"potentialAction\":[{\"@type\":\"ReadAction\",\"target\":[\"https:\/\/www.truffe-plantin.com\/blog\/it\/\"]}]},{\"@type\":\"BreadcrumbList\",\"@id\":\"https:\/\/www.truffe-plantin.com\/blog\/it\/#breadcrumb\",\"itemListElement\":[{\"@type\":\"ListItem\",\"position\":1,\"name\":\"Accueil\",\"item\":\"https:\/\/www.truffe-plantin.com\/blog\/it\/\"},{\"@type\":\"ListItem\",\"position\":2,\"name\":\"Home\"}]},{\"@type\":\"WebSite\",\"@id\":\"https:\/\/www.truffe-plantin.com\/blog\/it\/#website\",\"url\":\"https:\/\/www.truffe-plantin.com\/blog\/it\/\",\"name\":\"Magazine Plantin\",\"description\":\"Les id\u00e9es de recettes \u00e0 la truffe  et actualit\u00e9s sign\u00e9es PLANTIN\",\"publisher\":{\"@id\":\"https:\/\/www.truffe-plantin.com\/blog\/it\/#organization\"},\"potentialAction\":[{\"@type\":\"SearchAction\",\"target\":{\"@type\":\"EntryPoint\",\"urlTemplate\":\"https:\/\/www.truffe-plantin.com\/blog\/it\/?s={search_term_string}\"},\"query-input\":\"required name=search_term_string\"}],\"inLanguage\":\"it-IT\"},{\"@type\":\"Organization\",\"@id\":\"https:\/\/www.truffe-plantin.com\/blog\/it\/#organization\",\"name\":\"Magazine Plantin\",\"url\":\"https:\/\/www.truffe-plantin.com\/blog\/it\/\",\"logo\":{\"@type\":\"ImageObject\",\"inLanguage\":\"it-IT\",\"@id\":\"https:\/\/www.truffe-plantin.com\/blog\/it\/#\/schema\/logo\/image\/\",\"url\":\"https:\/\/www.truffe-plantin.com\/blog\/wp-content\/uploads\/2021\/09\/logo-plantin-hires-1.png\",\"contentUrl\":\"https:\/\/www.truffe-plantin.com\/blog\/wp-content\/uploads\/2021\/09\/logo-plantin-hires-1.png\",\"width\":400,\"height\":295,\"caption\":\"Magazine Plantin\"},\"image\":{\"@id\":\"https:\/\/www.truffe-plantin.com\/blog\/it\/#\/schema\/logo\/image\/\"}}]}<\/script>\n<!-- \/ Yoast SEO plugin. -->","yoast_head_json":{"title":"Home - Magazine Plantin","robots":{"index":"index","follow":"follow","max-snippet":"max-snippet:-1","max-image-preview":"max-image-preview:large","max-video-preview":"max-video-preview:-1"},"canonical":"https:\/\/www.truffe-plantin.com\/blog\/it\/","og_locale":"it_IT","og_type":"article","og_title":"Home - Magazine Plantin","og_description":"Ricette e Notizia Risotto aux girolles et \u00e0 la truffe d&rsquo;automne VEDI ALTRO Tartines au ch\u00e8vre, figues r\u00f4ties au miel et truffe d&rsquo;automne VEDI ALTRO \u0152uf \u00e0 la coque \u00e0 la truffe noire VEDI ALTRO Truffes au chocolat et \u00e0 la p\u00e2te \u00e0 tartiner \u00e0 la truffe VEDI ALTRO G\u00e2teau de P\u00e2ques au chocolat \u00e0 [&hellip;]","og_url":"https:\/\/www.truffe-plantin.com\/blog\/it\/","og_site_name":"Magazine Plantin","article_modified_time":"2022-01-13T15:05:38+00:00","twitter_card":"summary_large_image","twitter_misc":{"Tempo di lettura stimato":"1 minuto"},"schema":{"@context":"https:\/\/schema.org","@graph":[{"@type":"WebPage","@id":"https:\/\/www.truffe-plantin.com\/blog\/it\/","url":"https:\/\/www.truffe-plantin.com\/blog\/it\/","name":"Home - Magazine Plantin","isPartOf":{"@id":"https:\/\/www.truffe-plantin.com\/blog\/it\/#website"},"datePublished":"2021-12-20T18:19:47+00:00","dateModified":"2022-01-13T15:05:38+00:00","breadcrumb":{"@id":"https:\/\/www.truffe-plantin.com\/blog\/it\/#breadcrumb"},"inLanguage":"it-IT","potentialAction":[{"@type":"ReadAction","target":["https:\/\/www.truffe-plantin.com\/blog\/it\/"]}]},{"@type":"BreadcrumbList","@id":"https:\/\/www.truffe-plantin.com\/blog\/it\/#breadcrumb","itemListElement":[{"@type":"ListItem","position":1,"name":"Accueil","item":"https:\/\/www.truffe-plantin.com\/blog\/it\/"},{"@type":"ListItem","position":2,"name":"Home"}]},{"@type":"WebSite","@id":"https:\/\/www.truffe-plantin.com\/blog\/it\/#website","url":"https:\/\/www.truffe-plantin.com\/blog\/it\/","name":"Magazine Plantin","description":"Les id\u00e9es de recettes \u00e0 la truffe  et actualit\u00e9s sign\u00e9es PLANTIN","publisher":{"@id":"https:\/\/www.truffe-plantin.com\/blog\/it\/#organization"},"potentialAction":[{"@type":"SearchAction","target":{"@type":"EntryPoint","urlTemplate":"https:\/\/www.truffe-plantin.com\/blog\/it\/?s={search_term_string}"},"query-input":"required name=search_term_string"}],"inLanguage":"it-IT"},{"@type":"Organization","@id":"https:\/\/www.truffe-plantin.com\/blog\/it\/#organization","name":"Magazine Plantin","url":"https:\/\/www.truffe-plantin.com\/blog\/it\/","logo":{"@type":"ImageObject","inLanguage":"it-IT","@id":"https:\/\/www.truffe-plantin.com\/blog\/it\/#\/schema\/logo\/image\/","url":"https:\/\/www.truffe-plantin.com\/blog\/wp-content\/uploads\/2021\/09\/logo-plantin-hires-1.png","contentUrl":"https:\/\/www.truffe-plantin.com\/blog\/wp-content\/uploads\/2021\/09\/logo-plantin-hires-1.png","width":400,"height":295,"caption":"Magazine Plantin"},"image":{"@id":"https:\/\/www.truffe-plantin.com\/blog\/it\/#\/schema\/logo\/image\/"}}]}},"_links":{"self":[{"href":"https:\/\/www.truffe-plantin.com\/blog\/it\/wp-json\/wp\/v2\/pages\/2291","targetHints":{"allow":["GET"]}}],"collection":[{"href":"https:\/\/www.truffe-plantin.com\/blog\/it\/wp-json\/wp\/v2\/pages"}],"about":[{"href":"https:\/\/www.truffe-plantin.com\/blog\/it\/wp-json\/wp\/v2\/types\/page"}],"author":[{"embeddable":true,"href":"https:\/\/www.truffe-plantin.com\/blog\/it\/wp-json\/wp\/v2\/users\/1"}],"replies":[{"embeddable":true,"href":"https:\/\/www.truffe-plantin.com\/blog\/it\/wp-json\/wp\/v2\/comments?post=2291"}],"version-history":[{"count":5,"href":"https:\/\/www.truffe-plantin.com\/blog\/it\/wp-json\/wp\/v2\/pages\/2291\/revisions"}],"predecessor-version":[{"id":2789,"href":"https:\/\/www.truffe-plantin.com\/blog\/it\/wp-json\/wp\/v2\/pages\/2291\/revisions\/2789"}],"wp:attachment":[{"href":"https:\/\/www.truffe-plantin.com\/blog\/it\/wp-json\/wp\/v2\/media?parent=2291"}],"curies":[{"name":"wp","href":"https:\/\/api.w.org\/{rel}","templated":true}]}}